{"id":220,"date":"2025-06-09T21:58:05","date_gmt":"2025-06-09T21:58:05","guid":{"rendered":"https:\/\/buram.de\/?page_id=220"},"modified":"2025-09-23T11:35:55","modified_gmt":"2025-09-23T11:35:55","slug":"petek-bali","status":"publish","type":"page","link":"https:\/\/buram.de\/tr\/petek-bali\/","title":{"rendered":"Petek Bal\u0131"},"content":{"rendered":"<div data-elementor-type=\"wp-page\" data-elementor-id=\"220\" class=\"elementor elementor-220\" data-elementor-post-type=\"page\">\n\t\t\t\t\t\t<section class=\"elementor-section elementor-top-section elementor-element elementor-element-03e4a3e elementor-section-boxed elementor-section-height-default elementor-section-height-default\" data-id=\"03e4a3e\" data-element_type=\"section\" data-e-type=\"section\" data-settings=\"{&quot;background_background&quot;:&quot;classic&quot;}\">\n\t\t\t\t\t\t\t<div class=\"elementor-background-overlay\"><\/div>\n\t\t\t\t\t\t\t<div class=\"elementor-container elementor-column-gap-no\">\n\t\t\t\t\t<div class=\"elementor-column elementor-col-50 elementor-top-column elementor-element elementor-element-0923b5b\" data-id=\"0923b5b\" data-element_type=\"column\" data-e-type=\"column\">\n\t\t\t<div class=\"elementor-widget-wrap elementor-element-populated\">\n\t\t\t\t\t\t<section class=\"elementor-section elementor-inner-section elementor-element elementor-element-e2110d3 elementor-section-boxed elementor-section-height-default elementor-section-height-default\" data-id=\"e2110d3\" data-element_type=\"section\" data-e-type=\"section\" data-settings=\"{&quot;background_background&quot;:&quot;classic&quot;}\">\n\t\t\t\t\t\t<div class=\"elementor-container elementor-column-gap-no\">\n\t\t\t\t\t<div class=\"elementor-column elementor-col-100 elementor-inner-column elementor-element elementor-element-65f60fe\" data-id=\"65f60fe\" data-element_type=\"column\" data-e-type=\"column\">\n\t\t\t<div class=\"elementor-widget-wrap elementor-element-populated\">\n\t\t\t\t\t\t<div class=\"elementor-element elementor-element-787b43f elementor-widget elementor-widget-heading\" data-id=\"787b43f\" data-element_type=\"widget\" data-e-type=\"widget\" data-widget_type=\"heading.default\">\n\t\t\t\t<div class=\"elementor-widget-container\">\n\t\t\t\t\t<h2 class=\"elementor-heading-title elementor-size-default\">Petek Bal\u0131<\/h2>\t\t\t\t<\/div>\n\t\t\t\t<\/div>\n\t\t\t\t<div class=\"elementor-element elementor-element-a7583b7 elementor-widget__width-auto elementor-widget elementor-widget-text-editor\" data-id=\"a7583b7\" data-element_type=\"widget\" data-e-type=\"widget\" data-widget_type=\"text-editor.default\">\n\t\t\t\t<div class=\"elementor-widget-container\">\n\t\t\t\t\t\t\t\t\t<p>\u00dcr\u00fcnler<\/p>\t\t\t\t\t\t\t\t<\/div>\n\t\t\t\t<\/div>\n\t\t\t\t<div class=\"elementor-element elementor-element-117f279 elementor-widget__width-auto elementor-view-default elementor-widget elementor-widget-icon\" data-id=\"117f279\" data-element_type=\"widget\" data-e-type=\"widget\" data-widget_type=\"icon.default\">\n\t\t\t\t<div class=\"elementor-widget-container\">\n\t\t\t\t\t\t\t<div class=\"elementor-icon-wrapper\">\n\t\t\t<div class=\"elementor-icon\">\n\t\t\t<svg aria-hidden=\"true\" class=\"e-font-icon-svg e-fas-chevron-right\" viewbox=\"0 0 320 512\" xmlns=\"http:\/\/www.w3.org\/2000\/svg\"><path d=\"M285.476 272.971L91.132 467.314c-9.373 9.373-24.569 9.373-33.941 0l-22.667-22.667c-9.357-9.357-9.375-24.522-.04-33.901L188.505 256 34.484 101.255c-9.335-9.379-9.317-24.544.04-33.901l22.667-22.667c9.373-9.373 24.569-9.373 33.941 0L285.475 239.03c9.373 9.372 9.373 24.568.001 33.941z\"><\/path><\/svg>\t\t\t<\/div>\n\t\t<\/div>\n\t\t\t\t\t\t<\/div>\n\t\t\t\t<\/div>\n\t\t\t\t<div class=\"elementor-element elementor-element-65ded5a elementor-widget__width-auto elementor-widget elementor-widget-text-editor\" data-id=\"65ded5a\" data-element_type=\"widget\" data-e-type=\"widget\" data-widget_type=\"text-editor.default\">\n\t\t\t\t<div class=\"elementor-widget-container\">\n\t\t\t\t\t\t\t\t\tPetek Bal\u0131\t\t\t\t\t\t\t\t<\/div>\n\t\t\t\t<\/div>\n\t\t\t\t\t<\/div>\n\t\t<\/div>\n\t\t\t\t\t<\/div>\n\t\t<\/section>\n\t\t\t\t\t<\/div>\n\t\t<\/div>\n\t\t\t\t<div class=\"elementor-column elementor-col-50 elementor-top-column elementor-element elementor-element-371eec8\" data-id=\"371eec8\" data-element_type=\"column\" data-e-type=\"column\">\n\t\t\t<div class=\"elementor-widget-wrap\">\n\t\t\t\t\t\t\t<\/div>\n\t\t<\/div>\n\t\t\t\t\t<\/div>\n\t\t<\/section>\n\t\t\t\t<section class=\"elementor-section elementor-top-section elementor-element elementor-element-dd7fc69 elementor-section-boxed elementor-section-height-default elementor-section-height-default\" data-id=\"dd7fc69\" data-element_type=\"section\" data-e-type=\"section\">\n\t\t\t\t\t\t<div class=\"elementor-container elementor-column-gap-no\">\n\t\t\t\t\t<div class=\"elementor-column elementor-col-100 elementor-top-column elementor-element elementor-element-5cbcc8a\" data-id=\"5cbcc8a\" data-element_type=\"column\" data-e-type=\"column\">\n\t\t\t<div class=\"elementor-widget-wrap elementor-element-populated\">\n\t\t\t\t\t\t<section class=\"elementor-section elementor-inner-section elementor-element elementor-element-88ca0a1 elementor-section-boxed elementor-section-height-default elementor-section-height-default\" data-id=\"88ca0a1\" data-element_type=\"section\" data-e-type=\"section\">\n\t\t\t\t\t\t<div class=\"elementor-container elementor-column-gap-no\">\n\t\t\t\t\t<div class=\"elementor-column elementor-col-100 elementor-inner-column elementor-element elementor-element-ac7ec4f\" data-id=\"ac7ec4f\" data-element_type=\"column\" data-e-type=\"column\">\n\t\t\t<div class=\"elementor-widget-wrap elementor-element-populated\">\n\t\t\t\t\t\t<div class=\"elementor-element elementor-element-b2bafa2 elementor-widget elementor-widget-heading\" data-id=\"b2bafa2\" data-element_type=\"widget\" data-e-type=\"widget\" data-widget_type=\"heading.default\">\n\t\t\t\t<div class=\"elementor-widget-container\">\n\t\t\t\t\t<h2 class=\"elementor-heading-title elementor-size-default\">Saf Zevk: En Do\u011fal Haliyle Bal<\/h2>\t\t\t\t<\/div>\n\t\t\t\t<\/div>\n\t\t\t\t<div class=\"elementor-element elementor-element-082da96 elementor-widget elementor-widget-text-editor\" data-id=\"082da96\" data-element_type=\"widget\" data-e-type=\"widget\" data-widget_type=\"text-editor.default\">\n\t\t\t\t<div class=\"elementor-widget-container\">\n\t\t\t\t\t\t\t\t\t<div class=\"vc_row wpb_row vc_row-fluid vc_custom_1738666392132 vc_row-has-fill vc_row-o-content-middle vc_row-flex\" data-vc-full-width=\"true\" data-vc-full-width-init=\"true\"><div class=\"wpb_column vc_column_container vc_col-sm-4\"><div class=\"vc_column-inner\"><div class=\"wpb_wrapper\"><div class=\"wpb_text_column wpb_content_element\"><div class=\"wpb_wrapper\"><div class=\"wpb_text_column wpb_content_element\"><div class=\"wpb_wrapper\"><div class=\"vc_row wpb_row vc_row-fluid vc_custom_1738666392132 vc_row-has-fill vc_row-o-content-middle vc_row-flex\" data-vc-full-width=\"true\" data-vc-full-width-init=\"true\"><div class=\"wpb_column vc_column_container vc_col-sm-4\"><div class=\"vc_column-inner\"><div class=\"wpb_wrapper\"><div class=\"wpb_text_column wpb_content_element\"><div class=\"wpb_wrapper\"><p data-start=\"0\" data-end=\"273\">Bu, en do\u011fal ve rafine edilmemi\u015f haliyle, balmumu petek i\u00e7inde h\u00e2l\u00e2 bulunan ve en saf \u00f6z\u00fcn\u00fc koruyan bald\u0131r. Bal pete\u011fi, a\u011f\u0131zda eriyen \u00e7i\u011fnenebilir bir dokuya sahiptir ve her \u0131s\u0131r\u0131kta zengin ve tatl\u0131 lezzetin m\u00fckemmel dengesini sunar.<\/p><p data-start=\"275\" data-end=\"560\">Tad\u0131n\u0131 \u00e7\u0131kar\u0131rken, bal\u0131n do\u011fal karma\u015f\u0131kl\u0131\u011f\u0131 ortaya \u00e7\u0131kar: \u00e7i\u00e7ek notalar\u0131, hafif meyve aromalar\u0131 ve sadece do\u011fan\u0131n \u00f6zenli \u00e7al\u0131\u015fmas\u0131yla elde edilebilen derin tatl\u0131l\u0131k. Balmumu, yumu\u015fak ve balmumu gibi bir zenginlik katarak genel deneyimi zenginle\u015ftirir ve onu ger\u00e7ekten e\u015fsiz bir lezzet haline getirir.<\/p><p data-start=\"562\" data-end=\"730\" data-is-last-node=\"\">Tek ba\u015f\u0131na tad\u0131n\u0131 \u00e7\u0131kar\u0131n, s\u0131cak tostun \u00fczerine s\u00fcr\u00fcn veya en sevdi\u011finiz i\u00e7eceklere ekleyin; petek bal\u0131, do\u011fan\u0131n ruhunu yans\u0131tan zamans\u0131z bir lezzet.<\/p><\/div><\/div><\/div><\/div><\/div><\/div><\/div><\/div><\/div><\/div><\/div><\/div><\/div><\/div>\t\t\t\t\t\t\t\t<\/div>\n\t\t\t\t<\/div>\n\t\t\t\t<div class=\"elementor-element elementor-element-d7d9c28 elementor-widget elementor-widget-image\" data-id=\"d7d9c28\" data-element_type=\"widget\" data-e-type=\"widget\" data-widget_type=\"image.default\">\n\t\t\t\t<div class=\"elementor-widget-container\">\n\t\t\t\t\t\t\t\t\t\t\t\t\t\t\t<img fetchpriority=\"high\" decoding=\"async\" width=\"900\" height=\"600\" src=\"https:\/\/buram.de\/wp-content\/uploads\/2025\/06\/honeycomborta-900x600-1.png\" class=\"attachment-full size-full wp-image-325\" alt=\"\" srcset=\"https:\/\/buram.de\/wp-content\/uploads\/2025\/06\/honeycomborta-900x600-1.png 900w, https:\/\/buram.de\/wp-content\/uploads\/2025\/06\/honeycomborta-900x600-1-300x200.png 300w, https:\/\/buram.de\/wp-content\/uploads\/2025\/06\/honeycomborta-900x600-1-768x512.png 768w\" sizes=\"(max-width: 900px) 100vw, 900px\" \/>\t\t\t\t\t\t\t\t\t\t\t\t\t\t\t<\/div>\n\t\t\t\t<\/div>\n\t\t\t\t<div class=\"elementor-element elementor-element-217cebb elementor-widget elementor-widget-text-editor\" data-id=\"217cebb\" data-element_type=\"widget\" data-e-type=\"widget\" data-widget_type=\"text-editor.default\">\n\t\t\t\t<div class=\"elementor-widget-container\">\n\t\t\t\t\t\t\t\t\t<div class=\"vc_row wpb_row vc_row-fluid vc_custom_1738666392132 vc_row-has-fill vc_row-o-content-middle vc_row-flex\" data-vc-full-width=\"true\" data-vc-full-width-init=\"true\"><div class=\"wpb_column vc_column_container vc_col-sm-4\"><div class=\"vc_column-inner\"><div class=\"wpb_wrapper\"><div class=\"wpb_text_column wpb_content_element\"><div class=\"wpb_wrapper\"><div class=\"wpb_text_column wpb_content_element\"><div class=\"wpb_wrapper\"><div class=\"vc_row wpb_row vc_row-fluid vc_custom_1738666392132 vc_row-has-fill vc_row-o-content-middle vc_row-flex\" data-vc-full-width=\"true\" data-vc-full-width-init=\"true\"><div class=\"wpb_column vc_column_container vc_col-sm-4\"><div class=\"vc_column-inner\"><div class=\"wpb_wrapper\"><div class=\"wpb_text_column wpb_content_element\"><div class=\"wpb_wrapper\"><p data-start=\"96\" data-end=\"168\">Honeycomb, do\u011fan\u0131n en saf ve en otantik halini sunar.<\/p><p data-start=\"170\" data-end=\"460\">Sadece tatl\u0131 bir ikramdan daha fazlas\u0131 olan bu \u00fcr\u00fcn, zanaatkarl\u0131\u011f\u0131n bir kutlamas\u0131d\u0131r. Her bir \u0131s\u0131r\u0131kta balmumunun i\u00e7inde sakl\u0131 olan zengin, \u00e7i\u00e7eksi tatl\u0131l\u0131k ortaya \u00e7\u0131kar. \u00c7i\u011fnenebilir dokusu ve do\u011fal lezzetleri, zaman i\u00e7inde \u00e7al\u0131\u015fkan ar\u0131lar taraf\u0131ndan \u00fcretilen bu \u00fcr\u00fcn\u00fcn do\u011fdu\u011fu, el de\u011fmemi\u015f vah\u015fi yerleri hat\u0131rlat\u0131r.<\/p><p data-start=\"462\" data-end=\"680\" data-is-last-node=\"\">Bal pete\u011fi tad\u0131n\u0131 \u00e7\u0131karmak, sizi topra\u011fa ba\u011flayan, her lokmada s\u0131cakl\u0131k ve rahatl\u0131k veren bir deneyimdir. Basit anlar\u0131 ola\u011fan\u00fcst\u00fc bir \u015feye d\u00f6n\u00fc\u015ft\u00fcr\u00fcr ve do\u011fan\u0131n en g\u00fczel hazinelerinin tad\u0131n\u0131 sunar.<\/p><\/div><\/div><\/div><\/div><\/div><\/div><\/div><\/div><\/div><\/div><\/div><\/div><\/div><\/div>\t\t\t\t\t\t\t\t<\/div>\n\t\t\t\t<\/div>\n\t\t\t\t\t<\/div>\n\t\t<\/div>\n\t\t\t\t\t<\/div>\n\t\t<\/section>\n\t\t\t\t\t<\/div>\n\t\t<\/div>\n\t\t\t\t\t<\/div>\n\t\t<\/section>\n\t\t\t\t<section class=\"elementor-section elementor-top-section elementor-element elementor-element-4a6ddfa elementor-reverse-mobile elementor-section-boxed elementor-section-height-default elementor-section-height-default\" data-id=\"4a6ddfa\" data-element_type=\"section\" data-e-type=\"section\" data-settings=\"{&quot;background_background&quot;:&quot;classic&quot;}\">\n\t\t\t\t\t\t<div class=\"elementor-container elementor-column-gap-no\">\n\t\t\t\t\t<div class=\"elementor-column elementor-col-50 elementor-top-column elementor-element elementor-element-a01933a\" data-id=\"a01933a\" data-element_type=\"column\" data-e-type=\"column\">\n\t\t\t<div class=\"elementor-widget-wrap elementor-element-populated\">\n\t\t\t\t\t\t<section class=\"elementor-section elementor-inner-section elementor-element elementor-element-04d2e4e elementor-section-boxed elementor-section-height-default elementor-section-height-default\" data-id=\"04d2e4e\" data-element_type=\"section\" data-e-type=\"section\">\n\t\t\t\t\t\t<div class=\"elementor-container elementor-column-gap-no\">\n\t\t\t\t\t<div class=\"elementor-column elementor-col-50 elementor-inner-column elementor-element elementor-element-a070c30\" data-id=\"a070c30\" data-element_type=\"column\" data-e-type=\"column\">\n\t\t\t<div class=\"elementor-widget-wrap elementor-element-populated\">\n\t\t\t\t\t\t<div class=\"elementor-element elementor-element-2ac1365 elementor-widget elementor-widget-image\" data-id=\"2ac1365\" data-element_type=\"widget\" data-e-type=\"widget\" data-widget_type=\"image.default\">\n\t\t\t\t<div class=\"elementor-widget-container\">\n\t\t\t\t\t\t\t\t\t\t\t\t\t\t\t<img decoding=\"async\" width=\"1359\" height=\"1726\" src=\"https:\/\/buram.de\/wp-content\/uploads\/2025\/09\/Basliksiz-1-1.png\" class=\"attachment-full size-full wp-image-15103\" alt=\"\" srcset=\"https:\/\/buram.de\/wp-content\/uploads\/2025\/09\/Basliksiz-1-1.png 1359w, https:\/\/buram.de\/wp-content\/uploads\/2025\/09\/Basliksiz-1-1-236x300.png 236w, https:\/\/buram.de\/wp-content\/uploads\/2025\/09\/Basliksiz-1-1-806x1024.png 806w, https:\/\/buram.de\/wp-content\/uploads\/2025\/09\/Basliksiz-1-1-768x975.png 768w, https:\/\/buram.de\/wp-content\/uploads\/2025\/09\/Basliksiz-1-1-1209x1536.png 1209w, https:\/\/buram.de\/wp-content\/uploads\/2025\/09\/Basliksiz-1-1-9x12.png 9w\" sizes=\"(max-width: 1359px) 100vw, 1359px\" \/>\t\t\t\t\t\t\t\t\t\t\t\t\t\t\t<\/div>\n\t\t\t\t<\/div>\n\t\t\t\t\t<\/div>\n\t\t<\/div>\n\t\t\t\t<div class=\"elementor-column elementor-col-50 elementor-inner-column elementor-element elementor-element-1baa2e8\" data-id=\"1baa2e8\" data-element_type=\"column\" data-e-type=\"column\">\n\t\t\t<div class=\"elementor-widget-wrap elementor-element-populated\">\n\t\t\t\t\t\t<div class=\"elementor-element elementor-element-64a634b elementor-widget elementor-widget-image\" data-id=\"64a634b\" data-element_type=\"widget\" data-e-type=\"widget\" data-widget_type=\"image.default\">\n\t\t\t\t<div class=\"elementor-widget-container\">\n\t\t\t\t\t\t\t\t\t\t\t\t\t\t\t<img decoding=\"async\" width=\"1359\" height=\"1726\" src=\"https:\/\/buram.de\/wp-content\/uploads\/2025\/09\/Basliksiz-1-1.png\" class=\"attachment-full size-full wp-image-15103\" alt=\"\" srcset=\"https:\/\/buram.de\/wp-content\/uploads\/2025\/09\/Basliksiz-1-1.png 1359w, https:\/\/buram.de\/wp-content\/uploads\/2025\/09\/Basliksiz-1-1-236x300.png 236w, https:\/\/buram.de\/wp-content\/uploads\/2025\/09\/Basliksiz-1-1-806x1024.png 806w, https:\/\/buram.de\/wp-content\/uploads\/2025\/09\/Basliksiz-1-1-768x975.png 768w, https:\/\/buram.de\/wp-content\/uploads\/2025\/09\/Basliksiz-1-1-1209x1536.png 1209w, https:\/\/buram.de\/wp-content\/uploads\/2025\/09\/Basliksiz-1-1-9x12.png 9w\" sizes=\"(max-width: 1359px) 100vw, 1359px\" \/>\t\t\t\t\t\t\t\t\t\t\t\t\t\t\t<\/div>\n\t\t\t\t<\/div>\n\t\t\t\t\t<\/div>\n\t\t<\/div>\n\t\t\t\t\t<\/div>\n\t\t<\/section>\n\t\t\t\t<section class=\"elementor-section elementor-inner-section elementor-element elementor-element-118824c elementor-section-boxed elementor-section-height-default elementor-section-height-default\" data-id=\"118824c\" data-element_type=\"section\" data-e-type=\"section\">\n\t\t\t\t\t\t<div class=\"elementor-container elementor-column-gap-no\">\n\t\t\t\t\t<div class=\"elementor-column elementor-col-100 elementor-inner-column elementor-element elementor-element-f050828\" data-id=\"f050828\" data-element_type=\"column\" data-e-type=\"column\">\n\t\t\t<div class=\"elementor-widget-wrap elementor-element-populated\">\n\t\t\t\t\t\t<div class=\"elementor-element elementor-element-737bc97 elementor-align-justify elementor-mobile-align-justify elementor-widget elementor-widget-button\" data-id=\"737bc97\" data-element_type=\"widget\" data-e-type=\"widget\" data-widget_type=\"button.default\">\n\t\t\t\t<div class=\"elementor-widget-container\">\n\t\t\t\t\t\t\t\t\t<div class=\"elementor-button-wrapper\">\n\t\t\t\t\t<a class=\"elementor-button elementor-size-sm\" role=\"button\">\n\t\t\t\t\t\t<span class=\"elementor-button-content-wrapper\">\n\t\t\t\t\t\t\t\t\t<span class=\"elementor-button-text\">Do\u011fal Petek \u00c7i\u00e7ek Bal\u0131<\/span>\n\t\t\t\t\t<\/span>\n\t\t\t\t\t<\/a>\n\t\t\t\t<\/div>\n\t\t\t\t\t\t\t\t<\/div>\n\t\t\t\t<\/div>\n\t\t\t\t\t<\/div>\n\t\t<\/div>\n\t\t\t\t\t<\/div>\n\t\t<\/section>\n\t\t\t\t\t<\/div>\n\t\t<\/div>\n\t\t\t\t<div class=\"elementor-column elementor-col-50 elementor-top-column elementor-element elementor-element-3d68883\" data-id=\"3d68883\" data-element_type=\"column\" data-e-type=\"column\">\n\t\t\t<div class=\"elementor-widget-wrap elementor-element-populated\">\n\t\t\t\t\t\t<section class=\"elementor-section elementor-inner-section elementor-element elementor-element-cce3394 elementor-section-boxed elementor-section-height-default elementor-section-height-default\" data-id=\"cce3394\" data-element_type=\"section\" data-e-type=\"section\">\n\t\t\t\t\t\t<div class=\"elementor-container elementor-column-gap-no\">\n\t\t\t\t\t<div class=\"elementor-column elementor-col-50 elementor-inner-column elementor-element elementor-element-0fcc9bf\" data-id=\"0fcc9bf\" data-element_type=\"column\" data-e-type=\"column\">\n\t\t\t<div class=\"elementor-widget-wrap elementor-element-populated\">\n\t\t\t\t\t\t<div class=\"elementor-element elementor-element-9d3522b elementor-widget elementor-widget-image\" data-id=\"9d3522b\" data-element_type=\"widget\" data-e-type=\"widget\" data-widget_type=\"image.default\">\n\t\t\t\t<div class=\"elementor-widget-container\">\n\t\t\t\t\t\t\t\t\t\t\t\t\t\t\t<img decoding=\"async\" width=\"1200\" height=\"1200\" src=\"https:\/\/buram.de\/wp-content\/uploads\/2025\/08\/eee9bd7e-4cf0-46f4-a844-bed4f1c96d16.png\" class=\"attachment-full size-full wp-image-14990\" alt=\"\" srcset=\"https:\/\/buram.de\/wp-content\/uploads\/2025\/08\/eee9bd7e-4cf0-46f4-a844-bed4f1c96d16.png 1200w, https:\/\/buram.de\/wp-content\/uploads\/2025\/08\/eee9bd7e-4cf0-46f4-a844-bed4f1c96d16-300x300.png 300w, https:\/\/buram.de\/wp-content\/uploads\/2025\/08\/eee9bd7e-4cf0-46f4-a844-bed4f1c96d16-1024x1024.png 1024w, https:\/\/buram.de\/wp-content\/uploads\/2025\/08\/eee9bd7e-4cf0-46f4-a844-bed4f1c96d16-150x150.png 150w, https:\/\/buram.de\/wp-content\/uploads\/2025\/08\/eee9bd7e-4cf0-46f4-a844-bed4f1c96d16-768x768.png 768w\" sizes=\"(max-width: 1200px) 100vw, 1200px\" \/>\t\t\t\t\t\t\t\t\t\t\t\t\t\t\t<\/div>\n\t\t\t\t<\/div>\n\t\t\t\t\t<\/div>\n\t\t<\/div>\n\t\t\t\t<div class=\"elementor-column elementor-col-50 elementor-inner-column elementor-element elementor-element-23ae216\" data-id=\"23ae216\" data-element_type=\"column\" data-e-type=\"column\">\n\t\t\t<div class=\"elementor-widget-wrap elementor-element-populated\">\n\t\t\t\t\t\t<div class=\"elementor-element elementor-element-ee1c4ea elementor-widget elementor-widget-image\" data-id=\"ee1c4ea\" data-element_type=\"widget\" data-e-type=\"widget\" data-widget_type=\"image.default\">\n\t\t\t\t<div class=\"elementor-widget-container\">\n\t\t\t\t\t\t\t\t\t\t\t\t\t\t\t<img loading=\"lazy\" decoding=\"async\" width=\"1200\" height=\"1200\" src=\"https:\/\/buram.de\/wp-content\/uploads\/2025\/08\/a2eb1073-7ea2-4848-ad6a-19d05c582de5.png\" class=\"attachment-full size-full wp-image-14991\" alt=\"\" srcset=\"https:\/\/buram.de\/wp-content\/uploads\/2025\/08\/a2eb1073-7ea2-4848-ad6a-19d05c582de5.png 1200w, https:\/\/buram.de\/wp-content\/uploads\/2025\/08\/a2eb1073-7ea2-4848-ad6a-19d05c582de5-300x300.png 300w, https:\/\/buram.de\/wp-content\/uploads\/2025\/08\/a2eb1073-7ea2-4848-ad6a-19d05c582de5-1024x1024.png 1024w, https:\/\/buram.de\/wp-content\/uploads\/2025\/08\/a2eb1073-7ea2-4848-ad6a-19d05c582de5-150x150.png 150w, https:\/\/buram.de\/wp-content\/uploads\/2025\/08\/a2eb1073-7ea2-4848-ad6a-19d05c582de5-768x768.png 768w\" sizes=\"(max-width: 1200px) 100vw, 1200px\" \/>\t\t\t\t\t\t\t\t\t\t\t\t\t\t\t<\/div>\n\t\t\t\t<\/div>\n\t\t\t\t\t<\/div>\n\t\t<\/div>\n\t\t\t\t\t<\/div>\n\t\t<\/section>\n\t\t\t\t<section class=\"elementor-section elementor-inner-section elementor-element elementor-element-32cb4bf elementor-section-boxed elementor-section-height-default elementor-section-height-default\" data-id=\"32cb4bf\" data-element_type=\"section\" data-e-type=\"section\">\n\t\t\t\t\t\t<div class=\"elementor-container elementor-column-gap-no\">\n\t\t\t\t\t<div class=\"elementor-column elementor-col-100 elementor-inner-column elementor-element elementor-element-92b8dc9\" data-id=\"92b8dc9\" data-element_type=\"column\" data-e-type=\"column\">\n\t\t\t<div class=\"elementor-widget-wrap elementor-element-populated\">\n\t\t\t\t\t\t<div class=\"elementor-element elementor-element-87f8764 elementor-align-justify elementor-mobile-align-justify elementor-widget elementor-widget-button\" data-id=\"87f8764\" data-element_type=\"widget\" data-e-type=\"widget\" data-widget_type=\"button.default\">\n\t\t\t\t<div class=\"elementor-widget-container\">\n\t\t\t\t\t\t\t\t\t<div class=\"elementor-button-wrapper\">\n\t\t\t\t\t<a class=\"elementor-button elementor-size-sm\" role=\"button\">\n\t\t\t\t\t\t<span class=\"elementor-button-content-wrapper\">\n\t\t\t\t\t\t\t\t\t<span class=\"elementor-button-text\">Petek Karakovan Bal\u0131<\/span>\n\t\t\t\t\t<\/span>\n\t\t\t\t\t<\/a>\n\t\t\t\t<\/div>\n\t\t\t\t\t\t\t\t<\/div>\n\t\t\t\t<\/div>\n\t\t\t\t\t<\/div>\n\t\t<\/div>\n\t\t\t\t\t<\/div>\n\t\t<\/section>\n\t\t\t\t\t<\/div>\n\t\t<\/div>\n\t\t\t\t\t<\/div>\n\t\t<\/section>\n\t\t\t\t<\/div>","protected":false},"excerpt":{"rendered":"<p>Product Pure Delight: Honey in Its Most Natural Form This is honey in its most natural and unrefined form, still contained within the beeswax comb, preserving every ounce of its purest essence. The honeycomb offers a chewy texture that melts in your mouth, with each bite delivering the perfect balance of rich, sweet flavor. As [&hellip;]<\/p>","protected":false},"author":1,"featured_media":0,"parent":0,"menu_order":0,"comment_status":"closed","ping_status":"closed","template":"elementor_header_footer","meta":{"footnotes":""},"class_list":["post-220","page","type-page","status-publish","hentry"],"_links":{"self":[{"href":"https:\/\/buram.de\/tr\/wp-json\/wp\/v2\/pages\/220","targetHints":{"allow":["GET"]}}],"collection":[{"href":"https:\/\/buram.de\/tr\/wp-json\/wp\/v2\/pages"}],"about":[{"href":"https:\/\/buram.de\/tr\/wp-json\/wp\/v2\/types\/page"}],"author":[{"embeddable":true,"href":"https:\/\/buram.de\/tr\/wp-json\/wp\/v2\/users\/1"}],"replies":[{"embeddable":true,"href":"https:\/\/buram.de\/tr\/wp-json\/wp\/v2\/comments?post=220"}],"version-history":[{"count":0,"href":"https:\/\/buram.de\/tr\/wp-json\/wp\/v2\/pages\/220\/revisions"}],"wp:attachment":[{"href":"https:\/\/buram.de\/tr\/wp-json\/wp\/v2\/media?parent=220"}],"curies":[{"name":"wp","href":"https:\/\/api.w.org\/{rel}","templated":true}]}}