{"id":214,"date":"2025-06-09T21:57:43","date_gmt":"2025-06-09T21:57:43","guid":{"rendered":"https:\/\/buram.de\/?page_id=214"},"modified":"2025-07-07T10:07:53","modified_gmt":"2025-07-07T10:07:53","slug":"kara-orman-bali","status":"publish","type":"page","link":"https:\/\/buram.de\/tr\/kara-orman-bali\/","title":{"rendered":"Kara Orman Bal\u0131"},"content":{"rendered":"<div data-elementor-type=\"wp-page\" data-elementor-id=\"214\" class=\"elementor elementor-214\" data-elementor-post-type=\"page\">\n\t\t\t\t\t\t<section class=\"elementor-section elementor-top-section elementor-element elementor-element-e8bfaa9 elementor-section-boxed elementor-section-height-default elementor-section-height-default\" data-id=\"e8bfaa9\" data-element_type=\"section\" data-e-type=\"section\" data-settings=\"{&quot;background_background&quot;:&quot;classic&quot;}\">\n\t\t\t\t\t\t\t<div class=\"elementor-background-overlay\"><\/div>\n\t\t\t\t\t\t\t<div class=\"elementor-container elementor-column-gap-no\">\n\t\t\t\t\t<div class=\"elementor-column elementor-col-50 elementor-top-column elementor-element elementor-element-615a2a5\" data-id=\"615a2a5\" data-element_type=\"column\" data-e-type=\"column\">\n\t\t\t<div class=\"elementor-widget-wrap elementor-element-populated\">\n\t\t\t\t\t\t<section class=\"elementor-section elementor-inner-section elementor-element elementor-element-beae475 elementor-section-boxed elementor-section-height-default elementor-section-height-default\" data-id=\"beae475\" data-element_type=\"section\" data-e-type=\"section\" data-settings=\"{&quot;background_background&quot;:&quot;classic&quot;}\">\n\t\t\t\t\t\t<div class=\"elementor-container elementor-column-gap-no\">\n\t\t\t\t\t<div class=\"elementor-column elementor-col-100 elementor-inner-column elementor-element elementor-element-4a48630\" data-id=\"4a48630\" data-element_type=\"column\" data-e-type=\"column\">\n\t\t\t<div class=\"elementor-widget-wrap elementor-element-populated\">\n\t\t\t\t\t\t<div class=\"elementor-element elementor-element-63edf92 elementor-widget elementor-widget-heading\" data-id=\"63edf92\" data-element_type=\"widget\" data-e-type=\"widget\" data-widget_type=\"heading.default\">\n\t\t\t\t<div class=\"elementor-widget-container\">\n\t\t\t\t\t<h2 class=\"elementor-heading-title elementor-size-default\">Kara Orman Bal\u0131<\/h2>\t\t\t\t<\/div>\n\t\t\t\t<\/div>\n\t\t\t\t<div class=\"elementor-element elementor-element-93223f7 elementor-widget__width-auto elementor-widget elementor-widget-text-editor\" data-id=\"93223f7\" data-element_type=\"widget\" data-e-type=\"widget\" data-widget_type=\"text-editor.default\">\n\t\t\t\t<div class=\"elementor-widget-container\">\n\t\t\t\t\t\t\t\t\t<p>\u00dcr\u00fcnler<\/p>\t\t\t\t\t\t\t\t<\/div>\n\t\t\t\t<\/div>\n\t\t\t\t<div class=\"elementor-element elementor-element-4aaa297 elementor-widget__width-auto elementor-view-default elementor-widget elementor-widget-icon\" data-id=\"4aaa297\" data-element_type=\"widget\" data-e-type=\"widget\" data-widget_type=\"icon.default\">\n\t\t\t\t<div class=\"elementor-widget-container\">\n\t\t\t\t\t\t\t<div class=\"elementor-icon-wrapper\">\n\t\t\t<div class=\"elementor-icon\">\n\t\t\t<svg aria-hidden=\"true\" class=\"e-font-icon-svg e-fas-chevron-right\" viewbox=\"0 0 320 512\" xmlns=\"http:\/\/www.w3.org\/2000\/svg\"><path d=\"M285.476 272.971L91.132 467.314c-9.373 9.373-24.569 9.373-33.941 0l-22.667-22.667c-9.357-9.357-9.375-24.522-.04-33.901L188.505 256 34.484 101.255c-9.335-9.379-9.317-24.544.04-33.901l22.667-22.667c9.373-9.373 24.569-9.373 33.941 0L285.475 239.03c9.373 9.372 9.373 24.568.001 33.941z\"><\/path><\/svg>\t\t\t<\/div>\n\t\t<\/div>\n\t\t\t\t\t\t<\/div>\n\t\t\t\t<\/div>\n\t\t\t\t<div class=\"elementor-element elementor-element-b57aacd elementor-widget__width-auto elementor-widget elementor-widget-text-editor\" data-id=\"b57aacd\" data-element_type=\"widget\" data-e-type=\"widget\" data-widget_type=\"text-editor.default\">\n\t\t\t\t<div class=\"elementor-widget-container\">\n\t\t\t\t\t\t\t\t\tKara Orman Bal\u0131\t\t\t\t\t\t\t\t<\/div>\n\t\t\t\t<\/div>\n\t\t\t\t\t<\/div>\n\t\t<\/div>\n\t\t\t\t\t<\/div>\n\t\t<\/section>\n\t\t\t\t\t<\/div>\n\t\t<\/div>\n\t\t\t\t<div class=\"elementor-column elementor-col-50 elementor-top-column elementor-element elementor-element-b6d2f49\" data-id=\"b6d2f49\" data-element_type=\"column\" data-e-type=\"column\">\n\t\t\t<div class=\"elementor-widget-wrap\">\n\t\t\t\t\t\t\t<\/div>\n\t\t<\/div>\n\t\t\t\t\t<\/div>\n\t\t<\/section>\n\t\t\t\t<section class=\"elementor-section elementor-top-section elementor-element elementor-element-7c42ae3 elementor-section-boxed elementor-section-height-default elementor-section-height-default\" data-id=\"7c42ae3\" data-element_type=\"section\" data-e-type=\"section\">\n\t\t\t\t\t\t<div class=\"elementor-container elementor-column-gap-no\">\n\t\t\t\t\t<div class=\"elementor-column elementor-col-100 elementor-top-column elementor-element elementor-element-6af3a5a\" data-id=\"6af3a5a\" data-element_type=\"column\" data-e-type=\"column\">\n\t\t\t<div class=\"elementor-widget-wrap elementor-element-populated\">\n\t\t\t\t\t\t<section class=\"elementor-section elementor-inner-section elementor-element elementor-element-abdfb97 elementor-section-boxed elementor-section-height-default elementor-section-height-default\" data-id=\"abdfb97\" data-element_type=\"section\" data-e-type=\"section\">\n\t\t\t\t\t\t<div class=\"elementor-container elementor-column-gap-no\">\n\t\t\t\t\t<div class=\"elementor-column elementor-col-100 elementor-inner-column elementor-element elementor-element-debdd43\" data-id=\"debdd43\" data-element_type=\"column\" data-e-type=\"column\">\n\t\t\t<div class=\"elementor-widget-wrap elementor-element-populated\">\n\t\t\t\t\t\t<div class=\"elementor-element elementor-element-2c68716 elementor-widget elementor-widget-heading\" data-id=\"2c68716\" data-element_type=\"widget\" data-e-type=\"widget\" data-widget_type=\"heading.default\">\n\t\t\t\t<div class=\"elementor-widget-container\">\n\t\t\t\t\t<h2 class=\"elementor-heading-title elementor-size-default\">Buram Kara Orman Bal\u0131: Do\u011fadan Gelen Zengin ve E\u015fsiz Lezzet<\/h2>\t\t\t\t<\/div>\n\t\t\t\t<\/div>\n\t\t\t\t<div class=\"elementor-element elementor-element-5ba1d66 elementor-widget elementor-widget-text-editor\" data-id=\"5ba1d66\" data-element_type=\"widget\" data-e-type=\"widget\" data-widget_type=\"text-editor.default\">\n\t\t\t\t<div class=\"elementor-widget-container\">\n\t\t\t\t\t\t\t\t\t<div class=\"vc_row wpb_row vc_row-fluid vc_custom_1738666392132 vc_row-has-fill vc_row-o-content-middle vc_row-flex\" data-vc-full-width=\"true\" data-vc-full-width-init=\"true\"><div class=\"wpb_column vc_column_container vc_col-sm-4\"><div class=\"vc_column-inner\"><div class=\"wpb_wrapper\"><div class=\"wpb_text_column wpb_content_element\"><div class=\"wpb_wrapper\"><p data-start=\"66\" data-end=\"218\">Organik ormanlardaki a\u011fa\u00e7lar\u0131n bal \u00f6z\u00fcnden \u00fcretilen bu bal, koyu renkli ve zengin tada sahiptir, sentetik kimyasallar i\u00e7ermez.<\/p><p data-start=\"66\" data-end=\"218\">El de\u011fmemi\u015f derin ormanlardan hasat edilen Buram Kara Orman Bal\u0131, a\u011fa\u00e7 nektarlar\u0131 ve yabani \u00e7i\u00e7eklerin do\u011fal \u00f6zleriyle zenginle\u015ftirilmi\u015f zengin bir lezzet sunar.<\/p><p data-start=\"220\" data-end=\"364\">Koyu kehribar rengi, yo\u011fun aromas\u0131 ve hafif odunsu notalar\u0131yla bu \u00f6zel bal, tatl\u0131lara, i\u00e7eceklere ve kahvalt\u0131l\u0131k \u00fcr\u00fcnlere derinlik katar.<\/p><p data-start=\"366\" data-end=\"479\">Tamamen katk\u0131 maddesi i\u00e7ermeyen Buram Kara Orman Bal\u0131, her ka\u015f\u0131kta do\u011fan\u0131n saf \u00f6z\u00fcn\u00fc sunar.<\/p><p data-start=\"481\" data-end=\"531\" data-is-last-node=\"\">Her damlada orman\u0131n zenginli\u011fini ke\u015ffedin!<\/p><\/div><\/div><\/div><\/div><\/div><\/div>\t\t\t\t\t\t\t\t<\/div>\n\t\t\t\t<\/div>\n\t\t\t\t<div class=\"elementor-element elementor-element-bea673c elementor-widget elementor-widget-image\" data-id=\"bea673c\" data-element_type=\"widget\" data-e-type=\"widget\" data-widget_type=\"image.default\">\n\t\t\t\t<div class=\"elementor-widget-container\">\n\t\t\t\t\t\t\t\t\t\t\t\t\t\t\t<img fetchpriority=\"high\" decoding=\"async\" width=\"900\" height=\"600\" src=\"https:\/\/buram.de\/wp-content\/uploads\/2025\/06\/blackforestorta-900x600-1.png\" class=\"attachment-full size-full wp-image-307\" alt=\"\" srcset=\"https:\/\/buram.de\/wp-content\/uploads\/2025\/06\/blackforestorta-900x600-1.png 900w, https:\/\/buram.de\/wp-content\/uploads\/2025\/06\/blackforestorta-900x600-1-300x200.png 300w, https:\/\/buram.de\/wp-content\/uploads\/2025\/06\/blackforestorta-900x600-1-768x512.png 768w\" sizes=\"(max-width: 900px) 100vw, 900px\" \/>\t\t\t\t\t\t\t\t\t\t\t\t\t\t\t<\/div>\n\t\t\t\t<\/div>\n\t\t\t\t<div class=\"elementor-element elementor-element-250551d elementor-widget elementor-widget-text-editor\" data-id=\"250551d\" data-element_type=\"widget\" data-e-type=\"widget\" data-widget_type=\"text-editor.default\">\n\t\t\t\t<div class=\"elementor-widget-container\">\n\t\t\t\t\t\t\t\t\t<div class=\"vc_row wpb_row vc_row-fluid vc_custom_1738666392132 vc_row-has-fill vc_row-o-content-middle vc_row-flex\" data-vc-full-width=\"true\" data-vc-full-width-init=\"true\"><div class=\"wpb_column vc_column_container vc_col-sm-4\"><div class=\"vc_column-inner\"><div class=\"wpb_wrapper\"><div class=\"wpb_text_column wpb_content_element\"><div class=\"wpb_wrapper\"><p data-start=\"0\" data-end=\"70\">Hayat h\u0131zl\u0131 ak\u0131yor, ama baz\u0131 anlar yava\u015f\u00e7a tad\u0131n\u0131 \u00e7\u0131karmak i\u00e7in var.<\/p><p data-start=\"72\" data-end=\"162\">Kaosun ortas\u0131nda, sakinlik hissi veren cesur ve rahatlat\u0131c\u0131 lezzetler arzuluyoruz.<\/p><p data-start=\"164\" data-end=\"472\" data-is-last-node=\"\">Bir ka\u015f\u0131k Kara Orman Bal\u0131, sadece tatl\u0131l\u0131ktan ibaret de\u011fildir; eski ormanlar\u0131n derin, topraks\u0131 zenginli\u011fini, do\u011fan\u0131n el de\u011fmemi\u015f g\u00fczelli\u011finin huzurunu ve do\u011fan\u0131n kuca\u011f\u0131nda ge\u00e7irilen zaman\u0131n s\u0131cakl\u0131\u011f\u0131n\u0131 ta\u015f\u0131r. \u00c7\u00fcnk\u00fc baz\u0131 tatlar sadece damak zevkini tatmin etmekle kalmaz, \u00f6m\u00fcr boyu unutulmayacak an\u0131lar yarat\u0131r.<\/p><\/div><\/div><\/div><\/div><\/div><\/div>\t\t\t\t\t\t\t\t<\/div>\n\t\t\t\t<\/div>\n\t\t\t\t\t<\/div>\n\t\t<\/div>\n\t\t\t\t\t<\/div>\n\t\t<\/section>\n\t\t\t\t\t<\/div>\n\t\t<\/div>\n\t\t\t\t\t<\/div>\n\t\t<\/section>\n\t\t\t\t<section class=\"elementor-section elementor-top-section elementor-element elementor-element-31007c8 elementor-reverse-mobile elementor-section-boxed elementor-section-height-default elementor-section-height-default\" data-id=\"31007c8\" data-element_type=\"section\" data-e-type=\"section\" data-settings=\"{&quot;background_background&quot;:&quot;classic&quot;}\">\n\t\t\t\t\t\t<div class=\"elementor-container elementor-column-gap-no\">\n\t\t\t\t\t<div class=\"elementor-column elementor-col-50 elementor-top-column elementor-element elementor-element-c45a44f\" data-id=\"c45a44f\" data-element_type=\"column\" data-e-type=\"column\">\n\t\t\t<div class=\"elementor-widget-wrap elementor-element-populated\">\n\t\t\t\t\t\t<div class=\"elementor-element elementor-element-7eb0531 elementor-widget elementor-widget-image\" data-id=\"7eb0531\" data-element_type=\"widget\" data-e-type=\"widget\" data-widget_type=\"image.default\">\n\t\t\t\t<div class=\"elementor-widget-container\">\n\t\t\t\t\t\t\t\t\t\t\t\t\t\t\t<img decoding=\"async\" width=\"500\" height=\"350\" src=\"https:\/\/buram.de\/wp-content\/uploads\/2025\/06\/blackforesthoney-500x350-1.png\" class=\"attachment-full size-full wp-image-308\" alt=\"\" srcset=\"https:\/\/buram.de\/wp-content\/uploads\/2025\/06\/blackforesthoney-500x350-1.png 500w, https:\/\/buram.de\/wp-content\/uploads\/2025\/06\/blackforesthoney-500x350-1-300x210.png 300w\" sizes=\"(max-width: 500px) 100vw, 500px\" \/>\t\t\t\t\t\t\t\t\t\t\t\t\t\t\t<\/div>\n\t\t\t\t<\/div>\n\t\t\t\t<div class=\"elementor-element elementor-element-a8de782 elementor-align-center elementor-mobile-align-justify elementor-widget elementor-widget-button\" data-id=\"a8de782\" data-element_type=\"widget\" data-e-type=\"widget\" data-widget_type=\"button.default\">\n\t\t\t\t<div class=\"elementor-widget-container\">\n\t\t\t\t\t\t\t\t\t<div class=\"elementor-button-wrapper\">\n\t\t\t\t\t<a class=\"elementor-button elementor-size-sm\" role=\"button\">\n\t\t\t\t\t\t<span class=\"elementor-button-content-wrapper\">\n\t\t\t\t\t\t\t\t\t<span class=\"elementor-button-text\">Kara Orman Bal\u0131<\/span>\n\t\t\t\t\t<\/span>\n\t\t\t\t\t<\/a>\n\t\t\t\t<\/div>\n\t\t\t\t\t\t\t\t<\/div>\n\t\t\t\t<\/div>\n\t\t\t\t\t<\/div>\n\t\t<\/div>\n\t\t\t\t<div class=\"elementor-column elementor-col-50 elementor-top-column elementor-element elementor-element-3ac8e7d\" data-id=\"3ac8e7d\" data-element_type=\"column\" data-e-type=\"column\">\n\t\t\t<div class=\"elementor-widget-wrap elementor-element-populated\">\n\t\t\t\t\t\t<div class=\"elementor-element elementor-element-25dc216 elementor-widget elementor-widget-image\" data-id=\"25dc216\" data-element_type=\"widget\" data-e-type=\"widget\" data-widget_type=\"image.default\">\n\t\t\t\t<div class=\"elementor-widget-container\">\n\t\t\t\t\t\t\t\t\t\t\t\t\t\t\t<img decoding=\"async\" width=\"650\" height=\"500\" src=\"https:\/\/buram.de\/wp-content\/uploads\/2025\/06\/blackforesthoney_squazeeble-650x500-1.png\" class=\"attachment-full size-full wp-image-309\" alt=\"\" srcset=\"https:\/\/buram.de\/wp-content\/uploads\/2025\/06\/blackforesthoney_squazeeble-650x500-1.png 650w, https:\/\/buram.de\/wp-content\/uploads\/2025\/06\/blackforesthoney_squazeeble-650x500-1-300x231.png 300w\" sizes=\"(max-width: 650px) 100vw, 650px\" \/>\t\t\t\t\t\t\t\t\t\t\t\t\t\t\t<\/div>\n\t\t\t\t<\/div>\n\t\t\t\t<div class=\"elementor-element elementor-element-1a29d00 elementor-align-center elementor-mobile-align-justify elementor-widget elementor-widget-button\" data-id=\"1a29d00\" data-element_type=\"widget\" data-e-type=\"widget\" data-widget_type=\"button.default\">\n\t\t\t\t<div class=\"elementor-widget-container\">\n\t\t\t\t\t\t\t\t\t<div class=\"elementor-button-wrapper\">\n\t\t\t\t\t<a class=\"elementor-button elementor-size-sm\" role=\"button\">\n\t\t\t\t\t\t<span class=\"elementor-button-content-wrapper\">\n\t\t\t\t\t\t\t\t\t<span class=\"elementor-button-text\">S\u0131k\u0131labilir Kara Orman Bal\u0131<\/span>\n\t\t\t\t\t<\/span>\n\t\t\t\t\t<\/a>\n\t\t\t\t<\/div>\n\t\t\t\t\t\t\t\t<\/div>\n\t\t\t\t<\/div>\n\t\t\t\t\t<\/div>\n\t\t<\/div>\n\t\t\t\t\t<\/div>\n\t\t<\/section>\n\t\t\t\t<section class=\"elementor-section elementor-top-section elementor-element elementor-element-abff3d4 elementor-section-boxed elementor-section-height-default elementor-section-height-default\" data-id=\"abff3d4\" data-element_type=\"section\" data-e-type=\"section\">\n\t\t\t\t\t\t<div class=\"elementor-container elementor-column-gap-no\">\n\t\t\t\t\t<div class=\"elementor-column elementor-col-100 elementor-top-column elementor-element elementor-element-f7cf9a9\" data-id=\"f7cf9a9\" data-element_type=\"column\" data-e-type=\"column\">\n\t\t\t<div class=\"elementor-widget-wrap elementor-element-populated\">\n\t\t\t\t\t\t<section class=\"elementor-section elementor-inner-section elementor-element elementor-element-eb98176 elementor-section-boxed elementor-section-height-default elementor-section-height-default\" data-id=\"eb98176\" data-element_type=\"section\" data-e-type=\"section\">\n\t\t\t\t\t\t<div class=\"elementor-container elementor-column-gap-no\">\n\t\t\t\t\t<div class=\"elementor-column elementor-col-50 elementor-inner-column elementor-element elementor-element-3b6f404\" data-id=\"3b6f404\" data-element_type=\"column\" data-e-type=\"column\">\n\t\t\t<div class=\"elementor-widget-wrap elementor-element-populated\">\n\t\t\t\t\t\t<div class=\"elementor-element elementor-element-6bb7df7 elementor-widget elementor-widget-image\" data-id=\"6bb7df7\" data-element_type=\"widget\" data-e-type=\"widget\" data-widget_type=\"image.default\">\n\t\t\t\t<div class=\"elementor-widget-container\">\n\t\t\t\t\t\t\t\t\t\t\t\t\t\t\t<img loading=\"lazy\" decoding=\"async\" width=\"500\" height=\"370\" src=\"https:\/\/buram.de\/wp-content\/uploads\/2025\/06\/blackforesthoney-500x370-1.png\" class=\"attachment-full size-full wp-image-311\" alt=\"\" srcset=\"https:\/\/buram.de\/wp-content\/uploads\/2025\/06\/blackforesthoney-500x370-1.png 500w, https:\/\/buram.de\/wp-content\/uploads\/2025\/06\/blackforesthoney-500x370-1-300x222.png 300w\" sizes=\"(max-width: 500px) 100vw, 500px\" \/>\t\t\t\t\t\t\t\t\t\t\t\t\t\t\t<\/div>\n\t\t\t\t<\/div>\n\t\t\t\t\t<\/div>\n\t\t<\/div>\n\t\t\t\t<div class=\"elementor-column elementor-col-50 elementor-inner-column elementor-element elementor-element-08bb7cb\" data-id=\"08bb7cb\" data-element_type=\"column\" data-e-type=\"column\">\n\t\t\t<div class=\"elementor-widget-wrap elementor-element-populated\">\n\t\t\t\t\t\t<div class=\"elementor-element elementor-element-2317468 elementor-widget elementor-widget-text-editor\" data-id=\"2317468\" data-element_type=\"widget\" data-e-type=\"widget\" data-widget_type=\"text-editor.default\">\n\t\t\t\t<div class=\"elementor-widget-container\">\n\t\t\t\t\t\t\t\t\t<table cellspacing=\"0\" cellpadding=\"0\"><tbody><tr><td valign=\"top\">\u0130\u00e7indekiler:<\/td><\/tr><tr><td valign=\"top\">100 g ba\u015f\u0131na ortalama besin de\u011ferleri<\/td><\/tr><tr><td valign=\"top\">Besin De\u011ferleri:<\/td><\/tr><tr><td valign=\"top\">Enerji: 1080 kJ \/ 258 kcal<\/td><\/tr><tr><td valign=\"top\">Ya\u011f: 0 g<\/td><\/tr><tr><td valign=\"top\">Doymu\u015f ya\u011f: &lt;0 g<\/td><\/tr><tr><td valign=\"top\">Karbonhidratlar: 64,5 g<\/td><\/tr><tr><td valign=\"top\">\u015eeker: 59,5 g<\/td><\/tr><tr><td valign=\"top\">Protein: 0.4 g<\/td><\/tr><tr><td valign=\"top\">Tuz: 0 g<\/td><\/tr><\/tbody><\/table>\t\t\t\t\t\t\t\t<\/div>\n\t\t\t\t<\/div>\n\t\t\t\t\t<\/div>\n\t\t<\/div>\n\t\t\t\t\t<\/div>\n\t\t<\/section>\n\t\t\t\t\t<\/div>\n\t\t<\/div>\n\t\t\t\t\t<\/div>\n\t\t<\/section>\n\t\t\t\t<\/div>","protected":false},"excerpt":{"rendered":"<p>Product Buram Black Forest Honey: A Rich and Unique Taste from Nature Made from the honeydew of trees in organic forests, this honey is dark and rich in flavor, free from synthetic chemicals. Harvested from untouched deep forests, Buram Black Forest Honey offers a rich flavor infused with the natural essence of tree nectars and [&hellip;]<\/p>","protected":false},"author":1,"featured_media":0,"parent":0,"menu_order":0,"comment_status":"closed","ping_status":"closed","template":"elementor_header_footer","meta":{"footnotes":""},"class_list":["post-214","page","type-page","status-publish","hentry"],"_links":{"self":[{"href":"https:\/\/buram.de\/tr\/wp-json\/wp\/v2\/pages\/214","targetHints":{"allow":["GET"]}}],"collection":[{"href":"https:\/\/buram.de\/tr\/wp-json\/wp\/v2\/pages"}],"about":[{"href":"https:\/\/buram.de\/tr\/wp-json\/wp\/v2\/types\/page"}],"author":[{"embeddable":true,"href":"https:\/\/buram.de\/tr\/wp-json\/wp\/v2\/users\/1"}],"replies":[{"embeddable":true,"href":"https:\/\/buram.de\/tr\/wp-json\/wp\/v2\/comments?post=214"}],"version-history":[{"count":0,"href":"https:\/\/buram.de\/tr\/wp-json\/wp\/v2\/pages\/214\/revisions"}],"wp:attachment":[{"href":"https:\/\/buram.de\/tr\/wp-json\/wp\/v2\/media?parent=214"}],"curies":[{"name":"wp","href":"https:\/\/api.w.org\/{rel}","templated":true}]}}