{"id":14,"date":"2025-06-08T14:09:02","date_gmt":"2025-06-08T14:09:02","guid":{"rendered":"https:\/\/buram.de\/?page_id=14"},"modified":"2025-09-23T11:45:14","modified_gmt":"2025-09-23T11:45:14","slug":"hakkimizda","status":"publish","type":"page","link":"https:\/\/buram.de\/tr\/hakkimizda\/","title":{"rendered":"Hakk\u0131m\u0131zda"},"content":{"rendered":"<div data-elementor-type=\"wp-page\" data-elementor-id=\"14\" class=\"elementor elementor-14\" data-elementor-post-type=\"page\">\n\t\t\t\t\t\t<section class=\"elementor-section elementor-top-section elementor-element elementor-element-58261a52 elementor-section-boxed elementor-section-height-default elementor-section-height-default\" data-id=\"58261a52\" data-element_type=\"section\" data-e-type=\"section\" data-settings=\"{&quot;background_background&quot;:&quot;classic&quot;}\">\n\t\t\t\t\t\t\t<div class=\"elementor-background-overlay\"><\/div>\n\t\t\t\t\t\t\t<div class=\"elementor-container elementor-column-gap-no\">\n\t\t\t\t\t<div class=\"elementor-column elementor-col-50 elementor-top-column elementor-element elementor-element-3b47232d\" data-id=\"3b47232d\" data-element_type=\"column\" data-e-type=\"column\">\n\t\t\t<div class=\"elementor-widget-wrap elementor-element-populated\">\n\t\t\t\t\t\t<section class=\"elementor-section elementor-inner-section elementor-element elementor-element-34b8216e elementor-section-boxed elementor-section-height-default elementor-section-height-default\" data-id=\"34b8216e\" data-element_type=\"section\" data-e-type=\"section\" data-settings=\"{&quot;background_background&quot;:&quot;classic&quot;}\">\n\t\t\t\t\t\t<div class=\"elementor-container elementor-column-gap-no\">\n\t\t\t\t\t<div class=\"elementor-column elementor-col-100 elementor-inner-column elementor-element elementor-element-7bf66753\" data-id=\"7bf66753\" data-element_type=\"column\" data-e-type=\"column\">\n\t\t\t<div class=\"elementor-widget-wrap elementor-element-populated\">\n\t\t\t\t\t\t<div class=\"elementor-element elementor-element-2d4e27d6 elementor-widget elementor-widget-heading\" data-id=\"2d4e27d6\" data-element_type=\"widget\" data-e-type=\"widget\" data-widget_type=\"heading.default\">\n\t\t\t\t<div class=\"elementor-widget-container\">\n\t\t\t\t\t<h2 class=\"elementor-heading-title elementor-size-default\">Hakk\u0131m\u0131zda<\/h2>\t\t\t\t<\/div>\n\t\t\t\t<\/div>\n\t\t\t\t<div class=\"elementor-element elementor-element-6ebbaf2e elementor-widget__width-auto elementor-widget elementor-widget-text-editor\" data-id=\"6ebbaf2e\" data-element_type=\"widget\" data-e-type=\"widget\" data-widget_type=\"text-editor.default\">\n\t\t\t\t<div class=\"elementor-widget-container\">\n\t\t\t\t\t\t\t\t\t<p>Ana Sayfa<\/p>\t\t\t\t\t\t\t\t<\/div>\n\t\t\t\t<\/div>\n\t\t\t\t<div class=\"elementor-element elementor-element-7d18d546 elementor-widget__width-auto elementor-view-default elementor-widget elementor-widget-icon\" data-id=\"7d18d546\" data-element_type=\"widget\" data-e-type=\"widget\" data-widget_type=\"icon.default\">\n\t\t\t\t<div class=\"elementor-widget-container\">\n\t\t\t\t\t\t\t<div class=\"elementor-icon-wrapper\">\n\t\t\t<div class=\"elementor-icon\">\n\t\t\t<svg aria-hidden=\"true\" class=\"e-font-icon-svg e-fas-chevron-right\" viewbox=\"0 0 320 512\" xmlns=\"http:\/\/www.w3.org\/2000\/svg\"><path d=\"M285.476 272.971L91.132 467.314c-9.373 9.373-24.569 9.373-33.941 0l-22.667-22.667c-9.357-9.357-9.375-24.522-.04-33.901L188.505 256 34.484 101.255c-9.335-9.379-9.317-24.544.04-33.901l22.667-22.667c9.373-9.373 24.569-9.373 33.941 0L285.475 239.03c9.373 9.372 9.373 24.568.001 33.941z\"><\/path><\/svg>\t\t\t<\/div>\n\t\t<\/div>\n\t\t\t\t\t\t<\/div>\n\t\t\t\t<\/div>\n\t\t\t\t<div class=\"elementor-element elementor-element-745c4a88 elementor-widget__width-auto elementor-widget elementor-widget-text-editor\" data-id=\"745c4a88\" data-element_type=\"widget\" data-e-type=\"widget\" data-widget_type=\"text-editor.default\">\n\t\t\t\t<div class=\"elementor-widget-container\">\n\t\t\t\t\t\t\t\t\tHakk\u0131m\u0131zda\t\t\t\t\t\t\t\t<\/div>\n\t\t\t\t<\/div>\n\t\t\t\t\t<\/div>\n\t\t<\/div>\n\t\t\t\t\t<\/div>\n\t\t<\/section>\n\t\t\t\t\t<\/div>\n\t\t<\/div>\n\t\t\t\t<div class=\"elementor-column elementor-col-50 elementor-top-column elementor-element elementor-element-11be71ee\" data-id=\"11be71ee\" data-element_type=\"column\" data-e-type=\"column\">\n\t\t\t<div class=\"elementor-widget-wrap\">\n\t\t\t\t\t\t\t<\/div>\n\t\t<\/div>\n\t\t\t\t\t<\/div>\n\t\t<\/section>\n\t\t\t\t<section class=\"elementor-section elementor-top-section elementor-element elementor-element-3bc123b4 elementor-section-boxed elementor-section-height-default elementor-section-height-default\" data-id=\"3bc123b4\" data-element_type=\"section\" data-e-type=\"section\">\n\t\t\t\t\t\t<div class=\"elementor-container elementor-column-gap-no\">\n\t\t\t\t\t<div class=\"elementor-column elementor-col-100 elementor-top-column elementor-element elementor-element-29122e5e\" data-id=\"29122e5e\" data-element_type=\"column\" data-e-type=\"column\">\n\t\t\t<div class=\"elementor-widget-wrap elementor-element-populated\">\n\t\t\t\t\t\t<section class=\"elementor-section elementor-inner-section elementor-element elementor-element-219d54b7 elementor-section-boxed elementor-section-height-default elementor-section-height-default\" data-id=\"219d54b7\" data-element_type=\"section\" data-e-type=\"section\">\n\t\t\t\t\t\t<div class=\"elementor-container elementor-column-gap-no\">\n\t\t\t\t\t<div class=\"elementor-column elementor-col-100 elementor-inner-column elementor-element elementor-element-f4c2ff8\" data-id=\"f4c2ff8\" data-element_type=\"column\" data-e-type=\"column\">\n\t\t\t<div class=\"elementor-widget-wrap elementor-element-populated\">\n\t\t\t\t\t\t<div class=\"elementor-element elementor-element-e21401c elementor-widget elementor-widget-text-editor\" data-id=\"e21401c\" data-element_type=\"widget\" data-e-type=\"widget\" data-widget_type=\"text-editor.default\">\n\t\t\t\t<div class=\"elementor-widget-container\">\n\t\t\t\t\t\t\t\t\t<p>1954'ten beri<\/p>\t\t\t\t\t\t\t\t<\/div>\n\t\t\t\t<\/div>\n\t\t\t\t<div class=\"elementor-element elementor-element-da4d0d2 elementor-widget elementor-widget-heading\" data-id=\"da4d0d2\" data-element_type=\"widget\" data-e-type=\"widget\" data-widget_type=\"heading.default\">\n\t\t\t\t<div class=\"elementor-widget-container\">\n\t\t\t\t\t<h2 class=\"elementor-heading-title elementor-size-default\">Buram: De\u011ferlerimiz fark yarat\u0131r<\/h2>\t\t\t\t<\/div>\n\t\t\t\t<\/div>\n\t\t\t\t<div class=\"elementor-element elementor-element-ba541c7 elementor-widget elementor-widget-text-editor\" data-id=\"ba541c7\" data-element_type=\"widget\" data-e-type=\"widget\" data-widget_type=\"text-editor.default\">\n\t\t\t\t<div class=\"elementor-widget-container\">\n\t\t\t\t\t\t\t\t\t<p>2005 y\u0131l\u0131nda Berlin'de \u00fcretim tesisimizi a\u00e7t\u0131\u011f\u0131m\u0131zdan bu yana, Buram GmbH, Buram markas\u0131 alt\u0131nda ABD, Kanada, Suudi Arabistan, \u00c7in ve Avrupa'daki m\u00fc\u015fterilerine y\u00fcksek kaliteli bal tedarik etmektedir. Almanya'n\u0131n Avrupa'n\u0131n kalbindeki stratejik konumu ve en y\u00fcksek kalite standartlar\u0131n\u0131 koruma konusundaki itibar\u0131, ba\u015far\u0131m\u0131zda \u00f6nemli bir rol oynam\u0131\u015ft\u0131r.<\/p><p>\u00a0<\/p><p>Y\u0131llar boyunca \u00fcr\u00fcn yelpazemizi s\u00fcrekli geni\u015flettik. \u00c7am ve \u00e7i\u00e7ek bal\u0131n\u0131n yan\u0131 s\u0131ra, \u00fcr\u00fcnlerimiz art\u0131k organik \u00e7i\u00e7ek bal\u0131, akasya bal\u0131, kestane bal\u0131, \u0131hlamur bal\u0131, kekik bal\u0131, petek bal\u0131, ar\u0131 poleni ve ar\u0131 s\u00fct\u00fc de i\u00e7ermektedir. Bu \u00fcr\u00fcnler s\u00fcpermarketlerde kolayca bulunabilir.<br \/>\u00c7e\u015fitli ambalaj boyutlar\u0131nda bal sat\u0131\u015f\u0131 olan ana faaliyet alan\u0131m\u0131z\u0131n \u00f6tesinde, Buram GmbH bal pazar\u0131nda toptanc\u0131 olarak \u00f6nemli \u00f6l\u00e7\u00fcde b\u00fcy\u00fcm\u00fc\u015ft\u00fcr. Bal\u0131m\u0131z\u0131 d\u00fcnya \u00e7ap\u0131ndaki ar\u0131c\u0131lardan temin ediyor ve Avrupa genelindeki b\u00fcy\u00fck bal \u015fi\u015feleyicilerine tedarik ediyoruz. K\u00fc\u00e7\u00fck bir aile i\u015fletmesi olarak ba\u015flayan yolculu\u011fumuz, ana felsefemize sad\u0131k kalarak b\u00fcy\u00fck bir uluslararas\u0131 \u015firkete d\u00f6n\u00fc\u015fm\u00fc\u015ft\u00fcr: \u201c\u00dcr\u00fcnlerimiz en y\u00fcksek kalitededir.\u201d<\/p><p>\u00a0<\/p><p><strong>Kalite Politikam\u0131z<\/strong><br \/>Temel hedefimiz, m\u00fc\u015fterilerimize cazip fiyatlarla hizmet ve kalite sunmakt\u0131r. M\u00fc\u015fteri beklentilerini kar\u015f\u0131lamak ve a\u015fmak i\u00e7in s\u00fcrekli iyile\u015ftirme ve yenilik yapmaya kararl\u0131y\u0131z. S\u0131k\u0131 kalite kontrol standartlar\u0131n\u0131 s\u00fcrd\u00fcrerek ve tedarik\u00e7ilerimizle g\u00fc\u00e7l\u00fc ili\u015fkiler kurarak, \u00fcr\u00fcnlerimizin her zaman en y\u00fcksek m\u00fckemmellik standartlar\u0131n\u0131 kar\u015f\u0131lad\u0131\u011f\u0131ndan emin oluyoruz. Ayr\u0131ca, t\u00fcm s\u00fcre\u00e7lerimizde kalite ve g\u00fcvenli\u011fe verdi\u011fimiz \u00f6nemi vurgulayan IFS sertifikas\u0131na sahip olmaktan gurur duyuyoruz.<\/p><p><br \/><strong>Pazar\u0131m\u0131z D\u00fcnya'd\u0131r<\/strong><br \/>Berlin'den t\u00fcm d\u00fcnyaya: Buram GmbH, 5 k\u0131tada 40'tan fazla \u00fclkeye uluslararas\u0131 teslimat yapmaktad\u0131r. M\u00fc\u015fterilerimiz, Avrupa'n\u0131n kalbindeki stratejik ve lojistik konumumuzdan yararlanmaktad\u0131r. Y\u00fcksek kaliteli \u00fcr\u00fcnlerimizin m\u00fc\u015fterilerimize nerede olurlarsa olsunlar ula\u015fmas\u0131n\u0131 sa\u011flayan, k\u00fcresel da\u011f\u0131t\u0131m\u0131 verimli bir \u015fekilde y\u00f6netme becerimizle gurur duyuyoruz. M\u00fckemmelli\u011fe ve m\u00fc\u015fteri memnuniyetine olan ba\u011fl\u0131l\u0131\u011f\u0131m\u0131z, uluslararas\u0131 varl\u0131\u011f\u0131m\u0131z\u0131 s\u00fcrekli olarak iyile\u015ftirmemize ve geni\u015fletmemize neden olmaktad\u0131r.<\/p><p><br \/><strong>\u0130hracat<\/strong><br \/>\u0130hracat beyannameleri ve men\u015fe belgeleri (Almanya'da \u00fcretilmi\u015ftir) dahil olmak \u00fczere kapsaml\u0131 ihracat hizmetleri sunuyoruz. Kaliteye olan ba\u011fl\u0131l\u0131\u011f\u0131m\u0131z, t\u00fcm hizmetlerimizin en y\u00fcksek standartlar\u0131 kar\u015f\u0131lad\u0131\u011f\u0131n\u0131 garanti eder. Ayr\u0131ca, uluslararas\u0131 ticaret d\u00fczenlemelerine uyum sa\u011flamak i\u00e7in \u00f6zel destek sunarak m\u00fc\u015fterilerimiz i\u00e7in sorunsuz ve verimli bir ihracat s\u00fcreci sa\u011fl\u0131yoruz. Deneyimli ekibimiz, ola\u011fan\u00fcst\u00fc hizmet sunmaya ve \u00fcr\u00fcnlerimizin k\u00fcresel pazarlara sorunsuz bir \u015fekilde ula\u015fmas\u0131n\u0131 sa\u011flamaya kendini adam\u0131\u015ft\u0131r.<\/p>\t\t\t\t\t\t\t\t<\/div>\n\t\t\t\t<\/div>\n\t\t\t\t\t<\/div>\n\t\t<\/div>\n\t\t\t\t\t<\/div>\n\t\t<\/section>\n\t\t\t\t\t<\/div>\n\t\t<\/div>\n\t\t\t\t\t<\/div>\n\t\t<\/section>\n\t\t\t\t<section class=\"elementor-section elementor-top-section elementor-element elementor-element-03ffcd9 elementor-section-boxed elementor-section-height-default elementor-section-height-default\" data-id=\"03ffcd9\" data-element_type=\"section\" data-e-type=\"section\">\n\t\t\t\t\t\t<div class=\"elementor-container elementor-column-gap-no\">\n\t\t\t\t\t<div class=\"elementor-column elementor-col-50 elementor-top-column elementor-element elementor-element-ce10bec\" data-id=\"ce10bec\" data-element_type=\"column\" data-e-type=\"column\">\n\t\t\t<div class=\"elementor-widget-wrap elementor-element-populated\">\n\t\t\t\t\t\t<div class=\"elementor-element elementor-element-4064b11 elementor-widget elementor-widget-text-editor\" data-id=\"4064b11\" data-element_type=\"widget\" data-e-type=\"widget\" data-widget_type=\"text-editor.default\">\n\t\t\t\t<div class=\"elementor-widget-container\">\n\t\t\t\t\t\t\t\t\t<p>Buram<\/p>\t\t\t\t\t\t\t\t<\/div>\n\t\t\t\t<\/div>\n\t\t\t\t<div class=\"elementor-element elementor-element-6d133fc elementor-widget elementor-widget-heading\" data-id=\"6d133fc\" data-element_type=\"widget\" data-e-type=\"widget\" data-widget_type=\"heading.default\">\n\t\t\t\t<div class=\"elementor-widget-container\">\n\t\t\t\t\t<h2 class=\"elementor-heading-title elementor-size-default\">Bal<\/h2>\t\t\t\t<\/div>\n\t\t\t\t<\/div>\n\t\t\t\t<div class=\"elementor-element elementor-element-9baa736 elementor-widget elementor-widget-text-editor\" data-id=\"9baa736\" data-element_type=\"widget\" data-e-type=\"widget\" data-widget_type=\"text-editor.default\">\n\t\t\t\t<div class=\"elementor-widget-container\">\n\t\t\t\t\t\t\t\t\t<p>Bal, ar\u0131lar taraf\u0131ndan \u00e7i\u00e7eklerin nektar\u0131ndan veya bitkilerin salg\u0131lar\u0131ndan \u00fcretilen do\u011fal bir tatl\u0131 g\u0131da maddesidir. Do\u011fal olarak tatl\u0131 ve besleyici olan bal, y\u00fczy\u0131llard\u0131r insanlar taraf\u0131ndan t\u00fcketilmektedir. Ayr\u0131ca antibakteriyel ve antioksidan \u00f6zellikleriyle de bilinir. \u00c7e\u015fitli \u00e7i\u00e7eklerden elde edilen ballar\u0131n tad\u0131, koyu alt\u0131n renginden a\u00e7\u0131k alt\u0131n rengine kadar de\u011fi\u015febilir. Genellikle kahvalt\u0131da kullan\u0131lan bal, tatl\u0131 yap\u0131m\u0131nda da s\u0131kl\u0131kla tercih edilir. Sa\u011fl\u0131\u011fa faydal\u0131 olmas\u0131n\u0131n yan\u0131 s\u0131ra, lezzetli tad\u0131 ile bu do\u011fal \u015fifa kayna\u011f\u0131 sofralar\u0131m\u0131z\u0131n vazge\u00e7ilmezidir.<\/p>\t\t\t\t\t\t\t\t<\/div>\n\t\t\t\t<\/div>\n\t\t\t\t\t<\/div>\n\t\t<\/div>\n\t\t\t\t<div class=\"elementor-column elementor-col-50 elementor-top-column elementor-element elementor-element-df9298b\" data-id=\"df9298b\" data-element_type=\"column\" data-e-type=\"column\">\n\t\t\t<div class=\"elementor-widget-wrap elementor-element-populated\">\n\t\t\t\t\t\t<div class=\"elementor-element elementor-element-a85aced elementor-widget elementor-widget-image\" data-id=\"a85aced\" data-element_type=\"widget\" data-e-type=\"widget\" data-widget_type=\"image.default\">\n\t\t\t\t<div class=\"elementor-widget-container\">\n\t\t\t\t\t\t\t\t\t\t\t\t\t\t\t<img fetchpriority=\"high\" decoding=\"async\" width=\"2000\" height=\"1334\" src=\"https:\/\/buram.de\/wp-content\/uploads\/2025\/06\/about.png\" class=\"attachment-full size-full wp-image-162\" alt=\"\" srcset=\"https:\/\/buram.de\/wp-content\/uploads\/2025\/06\/about.png 2000w, https:\/\/buram.de\/wp-content\/uploads\/2025\/06\/about-300x200.png 300w, https:\/\/buram.de\/wp-content\/uploads\/2025\/06\/about-1024x683.png 1024w, https:\/\/buram.de\/wp-content\/uploads\/2025\/06\/about-768x512.png 768w, https:\/\/buram.de\/wp-content\/uploads\/2025\/06\/about-1536x1025.png 1536w\" sizes=\"(max-width: 2000px) 100vw, 2000px\" \/>\t\t\t\t\t\t\t\t\t\t\t\t\t\t\t<\/div>\n\t\t\t\t<\/div>\n\t\t\t\t\t<\/div>\n\t\t<\/div>\n\t\t\t\t\t<\/div>\n\t\t<\/section>\n\t\t\t\t<\/div>","protected":false},"excerpt":{"rendered":"<p>About Us Home About Us Since 1954 Buram: Our values make the difference Since opening our production facility in Berlin in 2005, Buram GmbH has been delivering high-quality honey under the Buram brand to customers in the USA, Canada, Saudi Arabia, China, and across Europe. Germany&#8217;s strategic location in the heart of Europe, combined with [&hellip;]<\/p>","protected":false},"author":1,"featured_media":0,"parent":0,"menu_order":0,"comment_status":"closed","ping_status":"closed","template":"elementor_header_footer","meta":{"footnotes":""},"class_list":["post-14","page","type-page","status-publish","hentry"],"_links":{"self":[{"href":"https:\/\/buram.de\/tr\/wp-json\/wp\/v2\/pages\/14","targetHints":{"allow":["GET"]}}],"collection":[{"href":"https:\/\/buram.de\/tr\/wp-json\/wp\/v2\/pages"}],"about":[{"href":"https:\/\/buram.de\/tr\/wp-json\/wp\/v2\/types\/page"}],"author":[{"embeddable":true,"href":"https:\/\/buram.de\/tr\/wp-json\/wp\/v2\/users\/1"}],"replies":[{"embeddable":true,"href":"https:\/\/buram.de\/tr\/wp-json\/wp\/v2\/comments?post=14"}],"version-history":[{"count":0,"href":"https:\/\/buram.de\/tr\/wp-json\/wp\/v2\/pages\/14\/revisions"}],"wp:attachment":[{"href":"https:\/\/buram.de\/tr\/wp-json\/wp\/v2\/media?parent=14"}],"curies":[{"name":"wp","href":"https:\/\/api.w.org\/{rel}","templated":true}]}}