{"id":220,"date":"2025-06-09T21:58:05","date_gmt":"2025-06-09T21:58:05","guid":{"rendered":"https:\/\/buram.de\/?page_id=220"},"modified":"2025-09-23T11:35:55","modified_gmt":"2025-09-23T11:35:55","slug":"waben-honig","status":"publish","type":"page","link":"https:\/\/buram.de\/de\/waben-honig\/","title":{"rendered":"Wabenhonig"},"content":{"rendered":"<div data-elementor-type=\"wp-page\" data-elementor-id=\"220\" class=\"elementor elementor-220\" data-elementor-post-type=\"page\">\n\t\t\t\t\t\t<section class=\"elementor-section elementor-top-section elementor-element elementor-element-03e4a3e elementor-section-boxed elementor-section-height-default elementor-section-height-default\" data-id=\"03e4a3e\" data-element_type=\"section\" data-e-type=\"section\" data-settings=\"{&quot;background_background&quot;:&quot;classic&quot;}\">\n\t\t\t\t\t\t\t<div class=\"elementor-background-overlay\"><\/div>\n\t\t\t\t\t\t\t<div class=\"elementor-container elementor-column-gap-no\">\n\t\t\t\t\t<div class=\"elementor-column elementor-col-50 elementor-top-column elementor-element elementor-element-0923b5b\" data-id=\"0923b5b\" data-element_type=\"column\" data-e-type=\"column\">\n\t\t\t<div class=\"elementor-widget-wrap elementor-element-populated\">\n\t\t\t\t\t\t<section class=\"elementor-section elementor-inner-section elementor-element elementor-element-e2110d3 elementor-section-boxed elementor-section-height-default elementor-section-height-default\" data-id=\"e2110d3\" data-element_type=\"section\" data-e-type=\"section\" data-settings=\"{&quot;background_background&quot;:&quot;classic&quot;}\">\n\t\t\t\t\t\t<div class=\"elementor-container elementor-column-gap-no\">\n\t\t\t\t\t<div class=\"elementor-column elementor-col-100 elementor-inner-column elementor-element elementor-element-65f60fe\" data-id=\"65f60fe\" data-element_type=\"column\" data-e-type=\"column\">\n\t\t\t<div class=\"elementor-widget-wrap elementor-element-populated\">\n\t\t\t\t\t\t<div class=\"elementor-element elementor-element-787b43f elementor-widget elementor-widget-heading\" data-id=\"787b43f\" data-element_type=\"widget\" data-e-type=\"widget\" data-widget_type=\"heading.default\">\n\t\t\t\t<div class=\"elementor-widget-container\">\n\t\t\t\t\t<h2 class=\"elementor-heading-title elementor-size-default\">Wabenhonig<\/h2>\t\t\t\t<\/div>\n\t\t\t\t<\/div>\n\t\t\t\t<div class=\"elementor-element elementor-element-a7583b7 elementor-widget__width-auto elementor-widget elementor-widget-text-editor\" data-id=\"a7583b7\" data-element_type=\"widget\" data-e-type=\"widget\" data-widget_type=\"text-editor.default\">\n\t\t\t\t<div class=\"elementor-widget-container\">\n\t\t\t\t\t\t\t\t\t<p>Produkt<\/p>\t\t\t\t\t\t\t\t<\/div>\n\t\t\t\t<\/div>\n\t\t\t\t<div class=\"elementor-element elementor-element-117f279 elementor-widget__width-auto elementor-view-default elementor-widget elementor-widget-icon\" data-id=\"117f279\" data-element_type=\"widget\" data-e-type=\"widget\" data-widget_type=\"icon.default\">\n\t\t\t\t<div class=\"elementor-widget-container\">\n\t\t\t\t\t\t\t<div class=\"elementor-icon-wrapper\">\n\t\t\t<div class=\"elementor-icon\">\n\t\t\t<svg aria-hidden=\"true\" class=\"e-font-icon-svg e-fas-chevron-right\" viewbox=\"0 0 320 512\" xmlns=\"http:\/\/www.w3.org\/2000\/svg\"><path d=\"M285.476 272.971L91.132 467.314c-9.373 9.373-24.569 9.373-33.941 0l-22.667-22.667c-9.357-9.357-9.375-24.522-.04-33.901L188.505 256 34.484 101.255c-9.335-9.379-9.317-24.544.04-33.901l22.667-22.667c9.373-9.373 24.569-9.373 33.941 0L285.475 239.03c9.373 9.372 9.373 24.568.001 33.941z\"><\/path><\/svg>\t\t\t<\/div>\n\t\t<\/div>\n\t\t\t\t\t\t<\/div>\n\t\t\t\t<\/div>\n\t\t\t\t<div class=\"elementor-element elementor-element-65ded5a elementor-widget__width-auto elementor-widget elementor-widget-text-editor\" data-id=\"65ded5a\" data-element_type=\"widget\" data-e-type=\"widget\" data-widget_type=\"text-editor.default\">\n\t\t\t\t<div class=\"elementor-widget-container\">\n\t\t\t\t\t\t\t\t\tWabenhonig\t\t\t\t\t\t\t\t<\/div>\n\t\t\t\t<\/div>\n\t\t\t\t\t<\/div>\n\t\t<\/div>\n\t\t\t\t\t<\/div>\n\t\t<\/section>\n\t\t\t\t\t<\/div>\n\t\t<\/div>\n\t\t\t\t<div class=\"elementor-column elementor-col-50 elementor-top-column elementor-element elementor-element-371eec8\" data-id=\"371eec8\" data-element_type=\"column\" data-e-type=\"column\">\n\t\t\t<div class=\"elementor-widget-wrap\">\n\t\t\t\t\t\t\t<\/div>\n\t\t<\/div>\n\t\t\t\t\t<\/div>\n\t\t<\/section>\n\t\t\t\t<section class=\"elementor-section elementor-top-section elementor-element elementor-element-dd7fc69 elementor-section-boxed elementor-section-height-default elementor-section-height-default\" data-id=\"dd7fc69\" data-element_type=\"section\" data-e-type=\"section\">\n\t\t\t\t\t\t<div class=\"elementor-container elementor-column-gap-no\">\n\t\t\t\t\t<div class=\"elementor-column elementor-col-100 elementor-top-column elementor-element elementor-element-5cbcc8a\" data-id=\"5cbcc8a\" data-element_type=\"column\" data-e-type=\"column\">\n\t\t\t<div class=\"elementor-widget-wrap elementor-element-populated\">\n\t\t\t\t\t\t<section class=\"elementor-section elementor-inner-section elementor-element elementor-element-88ca0a1 elementor-section-boxed elementor-section-height-default elementor-section-height-default\" data-id=\"88ca0a1\" data-element_type=\"section\" data-e-type=\"section\">\n\t\t\t\t\t\t<div class=\"elementor-container elementor-column-gap-no\">\n\t\t\t\t\t<div class=\"elementor-column elementor-col-100 elementor-inner-column elementor-element elementor-element-ac7ec4f\" data-id=\"ac7ec4f\" data-element_type=\"column\" data-e-type=\"column\">\n\t\t\t<div class=\"elementor-widget-wrap elementor-element-populated\">\n\t\t\t\t\t\t<div class=\"elementor-element elementor-element-b2bafa2 elementor-widget elementor-widget-heading\" data-id=\"b2bafa2\" data-element_type=\"widget\" data-e-type=\"widget\" data-widget_type=\"heading.default\">\n\t\t\t\t<div class=\"elementor-widget-container\">\n\t\t\t\t\t<h2 class=\"elementor-heading-title elementor-size-default\">Pure Freude: Honig in seiner nat\u00fcrlichsten Form<\/h2>\t\t\t\t<\/div>\n\t\t\t\t<\/div>\n\t\t\t\t<div class=\"elementor-element elementor-element-082da96 elementor-widget elementor-widget-text-editor\" data-id=\"082da96\" data-element_type=\"widget\" data-e-type=\"widget\" data-widget_type=\"text-editor.default\">\n\t\t\t\t<div class=\"elementor-widget-container\">\n\t\t\t\t\t\t\t\t\t<div class=\"vc_row wpb_row vc_row-fluid vc_custom_1738666392132 vc_row-has-fill vc_row-o-content-middle vc_row-flex\" data-vc-full-width=\"true\" data-vc-full-width-init=\"true\"><div class=\"wpb_column vc_column_container vc_col-sm-4\"><div class=\"vc_column-inner\"><div class=\"wpb_wrapper\"><div class=\"wpb_text_column wpb_content_element\"><div class=\"wpb_wrapper\"><div class=\"wpb_text_column wpb_content_element\"><div class=\"wpb_wrapper\"><div class=\"vc_row wpb_row vc_row-fluid vc_custom_1738666392132 vc_row-has-fill vc_row-o-content-middle vc_row-flex\" data-vc-full-width=\"true\" data-vc-full-width-init=\"true\"><div class=\"wpb_column vc_column_container vc_col-sm-4\"><div class=\"vc_column-inner\"><div class=\"wpb_wrapper\"><div class=\"wpb_text_column wpb_content_element\"><div class=\"wpb_wrapper\"><p data-start=\"0\" data-end=\"273\">Dies ist Honig in seiner nat\u00fcrlichsten und unverf\u00e4lschtesten Form, noch in der Bienenwachswabe enthalten, wodurch jedes Gramm seiner reinsten Essenz erhalten bleibt. Die Wabe hat eine z\u00e4he Konsistenz, die auf der Zunge zergeht, und jeder Bissen bietet die perfekte Balance zwischen reichhaltigem, s\u00fc\u00dfem Geschmack.<\/p><p data-start=\"275\" data-end=\"560\">Wenn Sie sich diesen Genuss g\u00f6nnen, entfalten sich die nat\u00fcrlichen Komplexit\u00e4ten des Honigs \u2013 blumige Noten, subtile Fruchtaromen und die tiefe S\u00fc\u00dfe, die nur durch die sorgf\u00e4ltige Arbeit der Natur entsteht. Das Bienenwachs verleiht ihm eine weiche, wachsartige F\u00fclle, die das Gesamterlebnis bereichert und ihn zu einem wahrhaft einzigartigen Genuss macht.<\/p><p data-start=\"562\" data-end=\"730\" data-is-last-node=\"\">Ob pur genossen, auf warmem Toast gestrichen oder zu Ihren Lieblingsgetr\u00e4nken hinzugef\u00fcgt \u2013 Honig in der Wabe ist ein zeitloser Genuss, der die Seele der Natur einf\u00e4ngt.<\/p><\/div><\/div><\/div><\/div><\/div><\/div><\/div><\/div><\/div><\/div><\/div><\/div><\/div><\/div>\t\t\t\t\t\t\t\t<\/div>\n\t\t\t\t<\/div>\n\t\t\t\t<div class=\"elementor-element elementor-element-d7d9c28 elementor-widget elementor-widget-image\" data-id=\"d7d9c28\" data-element_type=\"widget\" data-e-type=\"widget\" data-widget_type=\"image.default\">\n\t\t\t\t<div class=\"elementor-widget-container\">\n\t\t\t\t\t\t\t\t\t\t\t\t\t\t\t<img fetchpriority=\"high\" decoding=\"async\" width=\"900\" height=\"600\" src=\"https:\/\/buram.de\/wp-content\/uploads\/2025\/06\/honeycomborta-900x600-1.png\" class=\"attachment-full size-full wp-image-325\" alt=\"\" srcset=\"https:\/\/buram.de\/wp-content\/uploads\/2025\/06\/honeycomborta-900x600-1.png 900w, https:\/\/buram.de\/wp-content\/uploads\/2025\/06\/honeycomborta-900x600-1-300x200.png 300w, https:\/\/buram.de\/wp-content\/uploads\/2025\/06\/honeycomborta-900x600-1-768x512.png 768w\" sizes=\"(max-width: 900px) 100vw, 900px\" \/>\t\t\t\t\t\t\t\t\t\t\t\t\t\t\t<\/div>\n\t\t\t\t<\/div>\n\t\t\t\t<div class=\"elementor-element elementor-element-217cebb elementor-widget elementor-widget-text-editor\" data-id=\"217cebb\" data-element_type=\"widget\" data-e-type=\"widget\" data-widget_type=\"text-editor.default\">\n\t\t\t\t<div class=\"elementor-widget-container\">\n\t\t\t\t\t\t\t\t\t<div class=\"vc_row wpb_row vc_row-fluid vc_custom_1738666392132 vc_row-has-fill vc_row-o-content-middle vc_row-flex\" data-vc-full-width=\"true\" data-vc-full-width-init=\"true\"><div class=\"wpb_column vc_column_container vc_col-sm-4\"><div class=\"vc_column-inner\"><div class=\"wpb_wrapper\"><div class=\"wpb_text_column wpb_content_element\"><div class=\"wpb_wrapper\"><div class=\"wpb_text_column wpb_content_element\"><div class=\"wpb_wrapper\"><div class=\"vc_row wpb_row vc_row-fluid vc_custom_1738666392132 vc_row-has-fill vc_row-o-content-middle vc_row-flex\" data-vc-full-width=\"true\" data-vc-full-width-init=\"true\"><div class=\"wpb_column vc_column_container vc_col-sm-4\"><div class=\"vc_column-inner\"><div class=\"wpb_wrapper\"><div class=\"wpb_text_column wpb_content_element\"><div class=\"wpb_wrapper\"><p data-start=\"96\" data-end=\"168\">Wabenhonig bietet einen Geschmack der Natur in ihrer reinsten, authentischsten Form.<\/p><p data-start=\"170\" data-end=\"460\">Es ist mehr als nur eine s\u00fc\u00dfe Leckerei, es ist eine Hommage an die Handwerkskunst, bei der jeder Bissen die reichhaltige, blumige S\u00fc\u00dfe des Bienenwachses offenbart. Die z\u00e4he Konsistenz und die nat\u00fcrlichen Aromen erinnern an die wilden, unber\u00fchrten Orte, an denen es entsteht, hergestellt von flei\u00dfigen Bienen im Laufe der Zeit.<\/p><p data-start=\"462\" data-end=\"680\" data-is-last-node=\"\">Das Genie\u00dfen von Honigwaben ist ein Erlebnis, das Sie mit der Erde verbindet und Ihnen mit jedem Bissen W\u00e4rme und Geborgenheit schenkt. Es verwandelt einfache Momente in etwas Au\u00dfergew\u00f6hnliches und bietet Ihnen einen Vorgeschmack auf die sch\u00f6nsten Sch\u00e4tze der Natur.<\/p><\/div><\/div><\/div><\/div><\/div><\/div><\/div><\/div><\/div><\/div><\/div><\/div><\/div><\/div>\t\t\t\t\t\t\t\t<\/div>\n\t\t\t\t<\/div>\n\t\t\t\t\t<\/div>\n\t\t<\/div>\n\t\t\t\t\t<\/div>\n\t\t<\/section>\n\t\t\t\t\t<\/div>\n\t\t<\/div>\n\t\t\t\t\t<\/div>\n\t\t<\/section>\n\t\t\t\t<section class=\"elementor-section elementor-top-section elementor-element elementor-element-4a6ddfa elementor-reverse-mobile elementor-section-boxed elementor-section-height-default elementor-section-height-default\" data-id=\"4a6ddfa\" data-element_type=\"section\" data-e-type=\"section\" data-settings=\"{&quot;background_background&quot;:&quot;classic&quot;}\">\n\t\t\t\t\t\t<div class=\"elementor-container elementor-column-gap-no\">\n\t\t\t\t\t<div class=\"elementor-column elementor-col-50 elementor-top-column elementor-element elementor-element-a01933a\" data-id=\"a01933a\" data-element_type=\"column\" data-e-type=\"column\">\n\t\t\t<div class=\"elementor-widget-wrap elementor-element-populated\">\n\t\t\t\t\t\t<section class=\"elementor-section elementor-inner-section elementor-element elementor-element-04d2e4e elementor-section-boxed elementor-section-height-default elementor-section-height-default\" data-id=\"04d2e4e\" data-element_type=\"section\" data-e-type=\"section\">\n\t\t\t\t\t\t<div class=\"elementor-container elementor-column-gap-no\">\n\t\t\t\t\t<div class=\"elementor-column elementor-col-50 elementor-inner-column elementor-element elementor-element-a070c30\" data-id=\"a070c30\" data-element_type=\"column\" data-e-type=\"column\">\n\t\t\t<div class=\"elementor-widget-wrap elementor-element-populated\">\n\t\t\t\t\t\t<div class=\"elementor-element elementor-element-2ac1365 elementor-widget elementor-widget-image\" data-id=\"2ac1365\" data-element_type=\"widget\" data-e-type=\"widget\" data-widget_type=\"image.default\">\n\t\t\t\t<div class=\"elementor-widget-container\">\n\t\t\t\t\t\t\t\t\t\t\t\t\t\t\t<img decoding=\"async\" width=\"1359\" height=\"1726\" src=\"https:\/\/buram.de\/wp-content\/uploads\/2025\/09\/Basliksiz-1-1.png\" class=\"attachment-full size-full wp-image-15103\" alt=\"\" srcset=\"https:\/\/buram.de\/wp-content\/uploads\/2025\/09\/Basliksiz-1-1.png 1359w, https:\/\/buram.de\/wp-content\/uploads\/2025\/09\/Basliksiz-1-1-236x300.png 236w, https:\/\/buram.de\/wp-content\/uploads\/2025\/09\/Basliksiz-1-1-806x1024.png 806w, https:\/\/buram.de\/wp-content\/uploads\/2025\/09\/Basliksiz-1-1-768x975.png 768w, https:\/\/buram.de\/wp-content\/uploads\/2025\/09\/Basliksiz-1-1-1209x1536.png 1209w, https:\/\/buram.de\/wp-content\/uploads\/2025\/09\/Basliksiz-1-1-9x12.png 9w\" sizes=\"(max-width: 1359px) 100vw, 1359px\" \/>\t\t\t\t\t\t\t\t\t\t\t\t\t\t\t<\/div>\n\t\t\t\t<\/div>\n\t\t\t\t\t<\/div>\n\t\t<\/div>\n\t\t\t\t<div class=\"elementor-column elementor-col-50 elementor-inner-column elementor-element elementor-element-1baa2e8\" data-id=\"1baa2e8\" data-element_type=\"column\" data-e-type=\"column\">\n\t\t\t<div class=\"elementor-widget-wrap elementor-element-populated\">\n\t\t\t\t\t\t<div class=\"elementor-element elementor-element-64a634b elementor-widget elementor-widget-image\" data-id=\"64a634b\" data-element_type=\"widget\" data-e-type=\"widget\" data-widget_type=\"image.default\">\n\t\t\t\t<div class=\"elementor-widget-container\">\n\t\t\t\t\t\t\t\t\t\t\t\t\t\t\t<img decoding=\"async\" width=\"1359\" height=\"1726\" src=\"https:\/\/buram.de\/wp-content\/uploads\/2025\/09\/Basliksiz-1-1.png\" class=\"attachment-full size-full wp-image-15103\" alt=\"\" srcset=\"https:\/\/buram.de\/wp-content\/uploads\/2025\/09\/Basliksiz-1-1.png 1359w, https:\/\/buram.de\/wp-content\/uploads\/2025\/09\/Basliksiz-1-1-236x300.png 236w, https:\/\/buram.de\/wp-content\/uploads\/2025\/09\/Basliksiz-1-1-806x1024.png 806w, https:\/\/buram.de\/wp-content\/uploads\/2025\/09\/Basliksiz-1-1-768x975.png 768w, https:\/\/buram.de\/wp-content\/uploads\/2025\/09\/Basliksiz-1-1-1209x1536.png 1209w, https:\/\/buram.de\/wp-content\/uploads\/2025\/09\/Basliksiz-1-1-9x12.png 9w\" sizes=\"(max-width: 1359px) 100vw, 1359px\" \/>\t\t\t\t\t\t\t\t\t\t\t\t\t\t\t<\/div>\n\t\t\t\t<\/div>\n\t\t\t\t\t<\/div>\n\t\t<\/div>\n\t\t\t\t\t<\/div>\n\t\t<\/section>\n\t\t\t\t<section class=\"elementor-section elementor-inner-section elementor-element elementor-element-118824c elementor-section-boxed elementor-section-height-default elementor-section-height-default\" data-id=\"118824c\" data-element_type=\"section\" data-e-type=\"section\">\n\t\t\t\t\t\t<div class=\"elementor-container elementor-column-gap-no\">\n\t\t\t\t\t<div class=\"elementor-column elementor-col-100 elementor-inner-column elementor-element elementor-element-f050828\" data-id=\"f050828\" data-element_type=\"column\" data-e-type=\"column\">\n\t\t\t<div class=\"elementor-widget-wrap elementor-element-populated\">\n\t\t\t\t\t\t<div class=\"elementor-element elementor-element-737bc97 elementor-align-justify elementor-mobile-align-justify elementor-widget elementor-widget-button\" data-id=\"737bc97\" data-element_type=\"widget\" data-e-type=\"widget\" data-widget_type=\"button.default\">\n\t\t\t\t<div class=\"elementor-widget-container\">\n\t\t\t\t\t\t\t\t\t<div class=\"elementor-button-wrapper\">\n\t\t\t\t\t<a class=\"elementor-button elementor-size-sm\" role=\"button\">\n\t\t\t\t\t\t<span class=\"elementor-button-content-wrapper\">\n\t\t\t\t\t\t\t\t\t<span class=\"elementor-button-text\">Nat\u00fcrlicher Wabenbl\u00fctenhonig<\/span>\n\t\t\t\t\t<\/span>\n\t\t\t\t\t<\/a>\n\t\t\t\t<\/div>\n\t\t\t\t\t\t\t\t<\/div>\n\t\t\t\t<\/div>\n\t\t\t\t\t<\/div>\n\t\t<\/div>\n\t\t\t\t\t<\/div>\n\t\t<\/section>\n\t\t\t\t\t<\/div>\n\t\t<\/div>\n\t\t\t\t<div class=\"elementor-column elementor-col-50 elementor-top-column elementor-element elementor-element-3d68883\" data-id=\"3d68883\" data-element_type=\"column\" data-e-type=\"column\">\n\t\t\t<div class=\"elementor-widget-wrap elementor-element-populated\">\n\t\t\t\t\t\t<section class=\"elementor-section elementor-inner-section elementor-element elementor-element-cce3394 elementor-section-boxed elementor-section-height-default elementor-section-height-default\" data-id=\"cce3394\" data-element_type=\"section\" data-e-type=\"section\">\n\t\t\t\t\t\t<div class=\"elementor-container elementor-column-gap-no\">\n\t\t\t\t\t<div class=\"elementor-column elementor-col-50 elementor-inner-column elementor-element elementor-element-0fcc9bf\" data-id=\"0fcc9bf\" data-element_type=\"column\" data-e-type=\"column\">\n\t\t\t<div class=\"elementor-widget-wrap elementor-element-populated\">\n\t\t\t\t\t\t<div class=\"elementor-element elementor-element-9d3522b elementor-widget elementor-widget-image\" data-id=\"9d3522b\" data-element_type=\"widget\" data-e-type=\"widget\" data-widget_type=\"image.default\">\n\t\t\t\t<div class=\"elementor-widget-container\">\n\t\t\t\t\t\t\t\t\t\t\t\t\t\t\t<img decoding=\"async\" width=\"1200\" height=\"1200\" src=\"https:\/\/buram.de\/wp-content\/uploads\/2025\/08\/eee9bd7e-4cf0-46f4-a844-bed4f1c96d16.png\" class=\"attachment-full size-full wp-image-14990\" alt=\"\" srcset=\"https:\/\/buram.de\/wp-content\/uploads\/2025\/08\/eee9bd7e-4cf0-46f4-a844-bed4f1c96d16.png 1200w, https:\/\/buram.de\/wp-content\/uploads\/2025\/08\/eee9bd7e-4cf0-46f4-a844-bed4f1c96d16-300x300.png 300w, https:\/\/buram.de\/wp-content\/uploads\/2025\/08\/eee9bd7e-4cf0-46f4-a844-bed4f1c96d16-1024x1024.png 1024w, https:\/\/buram.de\/wp-content\/uploads\/2025\/08\/eee9bd7e-4cf0-46f4-a844-bed4f1c96d16-150x150.png 150w, https:\/\/buram.de\/wp-content\/uploads\/2025\/08\/eee9bd7e-4cf0-46f4-a844-bed4f1c96d16-768x768.png 768w\" sizes=\"(max-width: 1200px) 100vw, 1200px\" \/>\t\t\t\t\t\t\t\t\t\t\t\t\t\t\t<\/div>\n\t\t\t\t<\/div>\n\t\t\t\t\t<\/div>\n\t\t<\/div>\n\t\t\t\t<div class=\"elementor-column elementor-col-50 elementor-inner-column elementor-element elementor-element-23ae216\" data-id=\"23ae216\" data-element_type=\"column\" data-e-type=\"column\">\n\t\t\t<div class=\"elementor-widget-wrap elementor-element-populated\">\n\t\t\t\t\t\t<div class=\"elementor-element elementor-element-ee1c4ea elementor-widget elementor-widget-image\" data-id=\"ee1c4ea\" data-element_type=\"widget\" data-e-type=\"widget\" data-widget_type=\"image.default\">\n\t\t\t\t<div class=\"elementor-widget-container\">\n\t\t\t\t\t\t\t\t\t\t\t\t\t\t\t<img loading=\"lazy\" decoding=\"async\" width=\"1200\" height=\"1200\" src=\"https:\/\/buram.de\/wp-content\/uploads\/2025\/08\/a2eb1073-7ea2-4848-ad6a-19d05c582de5.png\" class=\"attachment-full size-full wp-image-14991\" alt=\"\" srcset=\"https:\/\/buram.de\/wp-content\/uploads\/2025\/08\/a2eb1073-7ea2-4848-ad6a-19d05c582de5.png 1200w, https:\/\/buram.de\/wp-content\/uploads\/2025\/08\/a2eb1073-7ea2-4848-ad6a-19d05c582de5-300x300.png 300w, https:\/\/buram.de\/wp-content\/uploads\/2025\/08\/a2eb1073-7ea2-4848-ad6a-19d05c582de5-1024x1024.png 1024w, https:\/\/buram.de\/wp-content\/uploads\/2025\/08\/a2eb1073-7ea2-4848-ad6a-19d05c582de5-150x150.png 150w, https:\/\/buram.de\/wp-content\/uploads\/2025\/08\/a2eb1073-7ea2-4848-ad6a-19d05c582de5-768x768.png 768w\" sizes=\"(max-width: 1200px) 100vw, 1200px\" \/>\t\t\t\t\t\t\t\t\t\t\t\t\t\t\t<\/div>\n\t\t\t\t<\/div>\n\t\t\t\t\t<\/div>\n\t\t<\/div>\n\t\t\t\t\t<\/div>\n\t\t<\/section>\n\t\t\t\t<section class=\"elementor-section elementor-inner-section elementor-element elementor-element-32cb4bf elementor-section-boxed elementor-section-height-default elementor-section-height-default\" data-id=\"32cb4bf\" data-element_type=\"section\" data-e-type=\"section\">\n\t\t\t\t\t\t<div class=\"elementor-container elementor-column-gap-no\">\n\t\t\t\t\t<div class=\"elementor-column elementor-col-100 elementor-inner-column elementor-element elementor-element-92b8dc9\" data-id=\"92b8dc9\" data-element_type=\"column\" data-e-type=\"column\">\n\t\t\t<div class=\"elementor-widget-wrap elementor-element-populated\">\n\t\t\t\t\t\t<div class=\"elementor-element elementor-element-87f8764 elementor-align-justify elementor-mobile-align-justify elementor-widget elementor-widget-button\" data-id=\"87f8764\" data-element_type=\"widget\" data-e-type=\"widget\" data-widget_type=\"button.default\">\n\t\t\t\t<div class=\"elementor-widget-container\">\n\t\t\t\t\t\t\t\t\t<div class=\"elementor-button-wrapper\">\n\t\t\t\t\t<a class=\"elementor-button elementor-size-sm\" role=\"button\">\n\t\t\t\t\t\t<span class=\"elementor-button-content-wrapper\">\n\t\t\t\t\t\t\t\t\t<span class=\"elementor-button-text\">Wabenhonig in Holzbox<\/span>\n\t\t\t\t\t<\/span>\n\t\t\t\t\t<\/a>\n\t\t\t\t<\/div>\n\t\t\t\t\t\t\t\t<\/div>\n\t\t\t\t<\/div>\n\t\t\t\t\t<\/div>\n\t\t<\/div>\n\t\t\t\t\t<\/div>\n\t\t<\/section>\n\t\t\t\t\t<\/div>\n\t\t<\/div>\n\t\t\t\t\t<\/div>\n\t\t<\/section>\n\t\t\t\t<\/div>","protected":false},"excerpt":{"rendered":"<p>Product Pure Delight: Honey in Its Most Natural Form This is honey in its most natural and unrefined form, still contained within the beeswax comb, preserving every ounce of its purest essence. The honeycomb offers a chewy texture that melts in your mouth, with each bite delivering the perfect balance of rich, sweet flavor. As [&hellip;]<\/p>","protected":false},"author":1,"featured_media":0,"parent":0,"menu_order":0,"comment_status":"closed","ping_status":"closed","template":"elementor_header_footer","meta":{"footnotes":""},"class_list":["post-220","page","type-page","status-publish","hentry"],"_links":{"self":[{"href":"https:\/\/buram.de\/de\/wp-json\/wp\/v2\/pages\/220","targetHints":{"allow":["GET"]}}],"collection":[{"href":"https:\/\/buram.de\/de\/wp-json\/wp\/v2\/pages"}],"about":[{"href":"https:\/\/buram.de\/de\/wp-json\/wp\/v2\/types\/page"}],"author":[{"embeddable":true,"href":"https:\/\/buram.de\/de\/wp-json\/wp\/v2\/users\/1"}],"replies":[{"embeddable":true,"href":"https:\/\/buram.de\/de\/wp-json\/wp\/v2\/comments?post=220"}],"version-history":[{"count":0,"href":"https:\/\/buram.de\/de\/wp-json\/wp\/v2\/pages\/220\/revisions"}],"wp:attachment":[{"href":"https:\/\/buram.de\/de\/wp-json\/wp\/v2\/media?parent=220"}],"curies":[{"name":"wp","href":"https:\/\/api.w.org\/{rel}","templated":true}]}}