{"id":215,"date":"2025-06-09T21:57:53","date_gmt":"2025-06-09T21:57:53","guid":{"rendered":"https:\/\/buram.de\/?page_id=215"},"modified":"2025-07-07T09:11:08","modified_gmt":"2025-07-07T09:11:08","slug":"sidr-honig","status":"publish","type":"page","link":"https:\/\/buram.de\/de\/sidr-honig\/","title":{"rendered":"Sidr Honig"},"content":{"rendered":"<div data-elementor-type=\"wp-page\" data-elementor-id=\"215\" class=\"elementor elementor-215\" data-elementor-post-type=\"page\">\n\t\t\t\t\t\t<section class=\"elementor-section elementor-top-section elementor-element elementor-element-949e45c elementor-section-boxed elementor-section-height-default elementor-section-height-default\" data-id=\"949e45c\" data-element_type=\"section\" data-e-type=\"section\" data-settings=\"{&quot;background_background&quot;:&quot;classic&quot;}\">\n\t\t\t\t\t\t\t<div class=\"elementor-background-overlay\"><\/div>\n\t\t\t\t\t\t\t<div class=\"elementor-container elementor-column-gap-no\">\n\t\t\t\t\t<div class=\"elementor-column elementor-col-50 elementor-top-column elementor-element elementor-element-ec030d2\" data-id=\"ec030d2\" data-element_type=\"column\" data-e-type=\"column\">\n\t\t\t<div class=\"elementor-widget-wrap elementor-element-populated\">\n\t\t\t\t\t\t<section class=\"elementor-section elementor-inner-section elementor-element elementor-element-14e04e7 elementor-section-boxed elementor-section-height-default elementor-section-height-default\" data-id=\"14e04e7\" data-element_type=\"section\" data-e-type=\"section\" data-settings=\"{&quot;background_background&quot;:&quot;classic&quot;}\">\n\t\t\t\t\t\t<div class=\"elementor-container elementor-column-gap-no\">\n\t\t\t\t\t<div class=\"elementor-column elementor-col-100 elementor-inner-column elementor-element elementor-element-d0d7600\" data-id=\"d0d7600\" data-element_type=\"column\" data-e-type=\"column\">\n\t\t\t<div class=\"elementor-widget-wrap elementor-element-populated\">\n\t\t\t\t\t\t<div class=\"elementor-element elementor-element-9ad0a4b elementor-widget elementor-widget-heading\" data-id=\"9ad0a4b\" data-element_type=\"widget\" data-e-type=\"widget\" data-widget_type=\"heading.default\">\n\t\t\t\t<div class=\"elementor-widget-container\">\n\t\t\t\t\t<h2 class=\"elementor-heading-title elementor-size-default\">Sidr Honig<\/h2>\t\t\t\t<\/div>\n\t\t\t\t<\/div>\n\t\t\t\t<div class=\"elementor-element elementor-element-1e38d6a elementor-widget__width-auto elementor-widget elementor-widget-text-editor\" data-id=\"1e38d6a\" data-element_type=\"widget\" data-e-type=\"widget\" data-widget_type=\"text-editor.default\">\n\t\t\t\t<div class=\"elementor-widget-container\">\n\t\t\t\t\t\t\t\t\t<p>Produkt<\/p>\t\t\t\t\t\t\t\t<\/div>\n\t\t\t\t<\/div>\n\t\t\t\t<div class=\"elementor-element elementor-element-f2ed2ce elementor-widget__width-auto elementor-view-default elementor-widget elementor-widget-icon\" data-id=\"f2ed2ce\" data-element_type=\"widget\" data-e-type=\"widget\" data-widget_type=\"icon.default\">\n\t\t\t\t<div class=\"elementor-widget-container\">\n\t\t\t\t\t\t\t<div class=\"elementor-icon-wrapper\">\n\t\t\t<div class=\"elementor-icon\">\n\t\t\t<svg aria-hidden=\"true\" class=\"e-font-icon-svg e-fas-chevron-right\" viewbox=\"0 0 320 512\" xmlns=\"http:\/\/www.w3.org\/2000\/svg\"><path d=\"M285.476 272.971L91.132 467.314c-9.373 9.373-24.569 9.373-33.941 0l-22.667-22.667c-9.357-9.357-9.375-24.522-.04-33.901L188.505 256 34.484 101.255c-9.335-9.379-9.317-24.544.04-33.901l22.667-22.667c9.373-9.373 24.569-9.373 33.941 0L285.475 239.03c9.373 9.372 9.373 24.568.001 33.941z\"><\/path><\/svg>\t\t\t<\/div>\n\t\t<\/div>\n\t\t\t\t\t\t<\/div>\n\t\t\t\t<\/div>\n\t\t\t\t<div class=\"elementor-element elementor-element-b1b9c6b elementor-widget__width-auto elementor-widget elementor-widget-text-editor\" data-id=\"b1b9c6b\" data-element_type=\"widget\" data-e-type=\"widget\" data-widget_type=\"text-editor.default\">\n\t\t\t\t<div class=\"elementor-widget-container\">\n\t\t\t\t\t\t\t\t\tSidr Honig\t\t\t\t\t\t\t\t<\/div>\n\t\t\t\t<\/div>\n\t\t\t\t\t<\/div>\n\t\t<\/div>\n\t\t\t\t\t<\/div>\n\t\t<\/section>\n\t\t\t\t\t<\/div>\n\t\t<\/div>\n\t\t\t\t<div class=\"elementor-column elementor-col-50 elementor-top-column elementor-element elementor-element-cacd511\" data-id=\"cacd511\" data-element_type=\"column\" data-e-type=\"column\">\n\t\t\t<div class=\"elementor-widget-wrap\">\n\t\t\t\t\t\t\t<\/div>\n\t\t<\/div>\n\t\t\t\t\t<\/div>\n\t\t<\/section>\n\t\t\t\t<section class=\"elementor-section elementor-top-section elementor-element elementor-element-197e301 elementor-section-boxed elementor-section-height-default elementor-section-height-default\" data-id=\"197e301\" data-element_type=\"section\" data-e-type=\"section\">\n\t\t\t\t\t\t<div class=\"elementor-container elementor-column-gap-no\">\n\t\t\t\t\t<div class=\"elementor-column elementor-col-100 elementor-top-column elementor-element elementor-element-74cee62\" data-id=\"74cee62\" data-element_type=\"column\" data-e-type=\"column\">\n\t\t\t<div class=\"elementor-widget-wrap elementor-element-populated\">\n\t\t\t\t\t\t<section class=\"elementor-section elementor-inner-section elementor-element elementor-element-bad945a elementor-section-boxed elementor-section-height-default elementor-section-height-default\" data-id=\"bad945a\" data-element_type=\"section\" data-e-type=\"section\">\n\t\t\t\t\t\t<div class=\"elementor-container elementor-column-gap-no\">\n\t\t\t\t\t<div class=\"elementor-column elementor-col-100 elementor-inner-column elementor-element elementor-element-ed137a4\" data-id=\"ed137a4\" data-element_type=\"column\" data-e-type=\"column\">\n\t\t\t<div class=\"elementor-widget-wrap elementor-element-populated\">\n\t\t\t\t\t\t<div class=\"elementor-element elementor-element-4384629 elementor-widget elementor-widget-heading\" data-id=\"4384629\" data-element_type=\"widget\" data-e-type=\"widget\" data-widget_type=\"heading.default\">\n\t\t\t\t<div class=\"elementor-widget-container\">\n\t\t\t\t\t<h2 class=\"elementor-heading-title elementor-size-default\">Sidr Honig: Ein zeitloser Schatz der Natur<\/h2>\t\t\t\t<\/div>\n\t\t\t\t<\/div>\n\t\t\t\t<div class=\"elementor-element elementor-element-2aed6f1 elementor-widget elementor-widget-text-editor\" data-id=\"2aed6f1\" data-element_type=\"widget\" data-e-type=\"widget\" data-widget_type=\"text-editor.default\">\n\t\t\t\t<div class=\"elementor-widget-container\">\n\t\t\t\t\t\t\t\t\t<div class=\"vc_row wpb_row vc_row-fluid vc_custom_1738666392132 vc_row-has-fill vc_row-o-content-middle vc_row-flex\" data-vc-full-width=\"true\" data-vc-full-width-init=\"true\"><div class=\"wpb_column vc_column_container vc_col-sm-4\"><div class=\"vc_column-inner\"><div class=\"wpb_wrapper\"><div class=\"wpb_text_column wpb_content_element\"><div class=\"wpb_wrapper\"><p data-start=\"49\" data-end=\"310\">Dieser Honig wird aus dem Nektar der Bl\u00fcten des Sidr-Baums gewonnen und ist wegen seines reichhaltigen, buttrigen Geschmacks und seiner zahlreichen gesundheitlichen Vorteile sehr gesch\u00e4tzt. Er wird in unber\u00fchrten Regionen geerntet und zeichnet sich durch eine cremige Konsistenz und einen intensiven, aromatischen Geschmack aus, der lange im Mund verbleibt.<\/p><p data-start=\"312\" data-end=\"640\" data-is-last-node=\"\">Sidr-Honig ist seit Jahrhunderten f\u00fcr seine nat\u00fcrliche Reinheit bekannt und wird nicht nur wegen seines exquisiten Geschmacks, sondern auch wegen seiner wohltuenden Eigenschaften gesch\u00e4tzt. Frei von Zusatzstoffen und direkt aus der Natur gewonnen, ist er ein echtes Spiegelbild von Qualit\u00e4t und Tradition und somit die perfekte Wahl f\u00fcr alle, die sowohl Genuss als auch Wohlbefinden suchen.<\/p><\/div><\/div><\/div><\/div><\/div><\/div>\t\t\t\t\t\t\t\t<\/div>\n\t\t\t\t<\/div>\n\t\t\t\t<div class=\"elementor-element elementor-element-7d12458 elementor-widget elementor-widget-image\" data-id=\"7d12458\" data-element_type=\"widget\" data-e-type=\"widget\" data-widget_type=\"image.default\">\n\t\t\t\t<div class=\"elementor-widget-container\">\n\t\t\t\t\t\t\t\t\t\t\t\t\t\t\t<img fetchpriority=\"high\" decoding=\"async\" width=\"900\" height=\"600\" src=\"https:\/\/buram.de\/wp-content\/uploads\/2025\/06\/sidrhoney-900x600-1.png\" class=\"attachment-full size-full wp-image-317\" alt=\"\" srcset=\"https:\/\/buram.de\/wp-content\/uploads\/2025\/06\/sidrhoney-900x600-1.png 900w, https:\/\/buram.de\/wp-content\/uploads\/2025\/06\/sidrhoney-900x600-1-300x200.png 300w, https:\/\/buram.de\/wp-content\/uploads\/2025\/06\/sidrhoney-900x600-1-768x512.png 768w\" sizes=\"(max-width: 900px) 100vw, 900px\" \/>\t\t\t\t\t\t\t\t\t\t\t\t\t\t\t<\/div>\n\t\t\t\t<\/div>\n\t\t\t\t<div class=\"elementor-element elementor-element-e904422 elementor-widget elementor-widget-text-editor\" data-id=\"e904422\" data-element_type=\"widget\" data-e-type=\"widget\" data-widget_type=\"text-editor.default\">\n\t\t\t\t<div class=\"elementor-widget-container\">\n\t\t\t\t\t\t\t\t\t<div class=\"vc_row wpb_row vc_row-fluid vc_custom_1738666392132 vc_row-has-fill vc_row-o-content-middle vc_row-flex\" data-vc-full-width=\"true\" data-vc-full-width-init=\"true\"><div class=\"wpb_column vc_column_container vc_col-sm-4\"><div class=\"vc_column-inner\"><div class=\"wpb_wrapper\"><div class=\"wpb_text_column wpb_content_element\"><div class=\"wpb_wrapper\"><div class=\"wpb_text_column wpb_content_element\"><div class=\"wpb_wrapper\"><p data-start=\"67\" data-end=\"144\">In einer Welt, die niemals zur Ruhe kommt, finden wir Trost in den sch\u00f6nsten Geschenken der Natur.<\/p><p data-start=\"146\" data-end=\"378\">Sidr-Honig ist mehr als nur ein nat\u00fcrlicher S\u00fc\u00dfstoff \u2013 er ist ein Spiegelbild von Reinheit und Tradition. Mit seiner reichhaltigen, butterartigen Konsistenz und seinem intensiven, aromatischen Geschmack verk\u00f6rpert er die Essenz unber\u00fchrter Landschaften und jahrhundertealter Handwerkskunst.<\/p><p data-start=\"380\" data-end=\"487\" data-is-last-node=\"\">Jeder L\u00f6ffel vermittelt ein Gef\u00fchl von W\u00e4rme und Nahrhaftigkeit und verwandelt einfache Momente in wertvolle Erlebnisse.<\/p><\/div><\/div><\/div><\/div><\/div><\/div><\/div><\/div>\t\t\t\t\t\t\t\t<\/div>\n\t\t\t\t<\/div>\n\t\t\t\t\t<\/div>\n\t\t<\/div>\n\t\t\t\t\t<\/div>\n\t\t<\/section>\n\t\t\t\t\t<\/div>\n\t\t<\/div>\n\t\t\t\t\t<\/div>\n\t\t<\/section>\n\t\t\t\t<section class=\"elementor-section elementor-top-section elementor-element elementor-element-850b675 elementor-reverse-mobile elementor-section-boxed elementor-section-height-default elementor-section-height-default\" data-id=\"850b675\" data-element_type=\"section\" data-e-type=\"section\" data-settings=\"{&quot;background_background&quot;:&quot;classic&quot;}\">\n\t\t\t\t\t\t<div class=\"elementor-container elementor-column-gap-no\">\n\t\t\t\t\t<div class=\"elementor-column elementor-col-50 elementor-top-column elementor-element elementor-element-45d2291\" data-id=\"45d2291\" data-element_type=\"column\" data-e-type=\"column\">\n\t\t\t<div class=\"elementor-widget-wrap elementor-element-populated\">\n\t\t\t\t\t\t<div class=\"elementor-element elementor-element-fe5cc87 elementor-widget elementor-widget-image\" data-id=\"fe5cc87\" data-element_type=\"widget\" data-e-type=\"widget\" data-widget_type=\"image.default\">\n\t\t\t\t<div class=\"elementor-widget-container\">\n\t\t\t\t\t\t\t\t\t\t\t\t\t\t\t<img decoding=\"async\" width=\"500\" height=\"430\" src=\"https:\/\/buram.de\/wp-content\/uploads\/2025\/06\/sidrhoney1-500x430-1.png\" class=\"attachment-full size-full wp-image-318\" alt=\"\" srcset=\"https:\/\/buram.de\/wp-content\/uploads\/2025\/06\/sidrhoney1-500x430-1.png 500w, https:\/\/buram.de\/wp-content\/uploads\/2025\/06\/sidrhoney1-500x430-1-300x258.png 300w\" sizes=\"(max-width: 500px) 100vw, 500px\" \/>\t\t\t\t\t\t\t\t\t\t\t\t\t\t\t<\/div>\n\t\t\t\t<\/div>\n\t\t\t\t<div class=\"elementor-element elementor-element-d4712cd elementor-align-center elementor-mobile-align-justify elementor-widget elementor-widget-button\" data-id=\"d4712cd\" data-element_type=\"widget\" data-e-type=\"widget\" data-widget_type=\"button.default\">\n\t\t\t\t<div class=\"elementor-widget-container\">\n\t\t\t\t\t\t\t\t\t<div class=\"elementor-button-wrapper\">\n\t\t\t\t\t<a class=\"elementor-button elementor-size-sm\" role=\"button\">\n\t\t\t\t\t\t<span class=\"elementor-button-content-wrapper\">\n\t\t\t\t\t\t\t\t\t<span class=\"elementor-button-text\">Sidr Honig<\/span>\n\t\t\t\t\t<\/span>\n\t\t\t\t\t<\/a>\n\t\t\t\t<\/div>\n\t\t\t\t\t\t\t\t<\/div>\n\t\t\t\t<\/div>\n\t\t\t\t\t<\/div>\n\t\t<\/div>\n\t\t\t\t<div class=\"elementor-column elementor-col-50 elementor-top-column elementor-element elementor-element-02ba425\" data-id=\"02ba425\" data-element_type=\"column\" data-e-type=\"column\">\n\t\t\t<div class=\"elementor-widget-wrap elementor-element-populated\">\n\t\t\t\t\t\t<div class=\"elementor-element elementor-element-b4e614c elementor-widget elementor-widget-image\" data-id=\"b4e614c\" data-element_type=\"widget\" data-e-type=\"widget\" data-widget_type=\"image.default\">\n\t\t\t\t<div class=\"elementor-widget-container\">\n\t\t\t\t\t\t\t\t\t\t\t\t\t\t\t<img decoding=\"async\" width=\"670\" height=\"550\" src=\"https:\/\/buram.de\/wp-content\/uploads\/2025\/06\/sidrhoneysqueezable-670x550-1.png\" class=\"attachment-full size-full wp-image-319\" alt=\"\" srcset=\"https:\/\/buram.de\/wp-content\/uploads\/2025\/06\/sidrhoneysqueezable-670x550-1.png 670w, https:\/\/buram.de\/wp-content\/uploads\/2025\/06\/sidrhoneysqueezable-670x550-1-300x246.png 300w\" sizes=\"(max-width: 670px) 100vw, 670px\" \/>\t\t\t\t\t\t\t\t\t\t\t\t\t\t\t<\/div>\n\t\t\t\t<\/div>\n\t\t\t\t<div class=\"elementor-element elementor-element-87b1486 elementor-align-center elementor-mobile-align-justify elementor-widget elementor-widget-button\" data-id=\"87b1486\" data-element_type=\"widget\" data-e-type=\"widget\" data-widget_type=\"button.default\">\n\t\t\t\t<div class=\"elementor-widget-container\">\n\t\t\t\t\t\t\t\t\t<div class=\"elementor-button-wrapper\">\n\t\t\t\t\t<a class=\"elementor-button elementor-size-sm\" role=\"button\">\n\t\t\t\t\t\t<span class=\"elementor-button-content-wrapper\">\n\t\t\t\t\t\t\t\t\t<span class=\"elementor-button-text\">Sidr Honig Spender<\/span>\n\t\t\t\t\t<\/span>\n\t\t\t\t\t<\/a>\n\t\t\t\t<\/div>\n\t\t\t\t\t\t\t\t<\/div>\n\t\t\t\t<\/div>\n\t\t\t\t\t<\/div>\n\t\t<\/div>\n\t\t\t\t\t<\/div>\n\t\t<\/section>\n\t\t\t\t<section class=\"elementor-section elementor-top-section elementor-element elementor-element-577d3e4 elementor-section-boxed elementor-section-height-default elementor-section-height-default\" data-id=\"577d3e4\" data-element_type=\"section\" data-e-type=\"section\">\n\t\t\t\t\t\t<div class=\"elementor-container elementor-column-gap-no\">\n\t\t\t\t\t<div class=\"elementor-column elementor-col-100 elementor-top-column elementor-element elementor-element-3826c13\" data-id=\"3826c13\" data-element_type=\"column\" data-e-type=\"column\">\n\t\t\t<div class=\"elementor-widget-wrap elementor-element-populated\">\n\t\t\t\t\t\t<section class=\"elementor-section elementor-inner-section elementor-element elementor-element-0497c6d elementor-section-boxed elementor-section-height-default elementor-section-height-default\" data-id=\"0497c6d\" data-element_type=\"section\" data-e-type=\"section\">\n\t\t\t\t\t\t<div class=\"elementor-container elementor-column-gap-no\">\n\t\t\t\t\t<div class=\"elementor-column elementor-col-50 elementor-inner-column elementor-element elementor-element-359f9c1\" data-id=\"359f9c1\" data-element_type=\"column\" data-e-type=\"column\">\n\t\t\t<div class=\"elementor-widget-wrap elementor-element-populated\">\n\t\t\t\t\t\t<div class=\"elementor-element elementor-element-958d294 elementor-widget elementor-widget-image\" data-id=\"958d294\" data-element_type=\"widget\" data-e-type=\"widget\" data-widget_type=\"image.default\">\n\t\t\t\t<div class=\"elementor-widget-container\">\n\t\t\t\t\t\t\t\t\t\t\t\t\t\t\t<img loading=\"lazy\" decoding=\"async\" width=\"600\" height=\"440\" src=\"https:\/\/buram.de\/wp-content\/uploads\/2025\/06\/sidrhoney1-600x440-1.png\" class=\"attachment-full size-full wp-image-320\" alt=\"\" srcset=\"https:\/\/buram.de\/wp-content\/uploads\/2025\/06\/sidrhoney1-600x440-1.png 600w, https:\/\/buram.de\/wp-content\/uploads\/2025\/06\/sidrhoney1-600x440-1-300x220.png 300w\" sizes=\"(max-width: 600px) 100vw, 600px\" \/>\t\t\t\t\t\t\t\t\t\t\t\t\t\t\t<\/div>\n\t\t\t\t<\/div>\n\t\t\t\t\t<\/div>\n\t\t<\/div>\n\t\t\t\t<div class=\"elementor-column elementor-col-50 elementor-inner-column elementor-element elementor-element-3316f32\" data-id=\"3316f32\" data-element_type=\"column\" data-e-type=\"column\">\n\t\t\t<div class=\"elementor-widget-wrap elementor-element-populated\">\n\t\t\t\t\t\t<div class=\"elementor-element elementor-element-69e3619 elementor-widget elementor-widget-text-editor\" data-id=\"69e3619\" data-element_type=\"widget\" data-e-type=\"widget\" data-widget_type=\"text-editor.default\">\n\t\t\t\t<div class=\"elementor-widget-container\">\n\t\t\t\t\t\t\t\t\t<table cellspacing=\"0\" cellpadding=\"0\"><tbody><tr><td valign=\"top\">Zutaten:<\/td><\/tr><tr><td valign=\"top\">Durchschnittliche N\u00e4hrwerte pro 100 g<\/td><\/tr><tr><td valign=\"top\">N\u00e4hrwerte:<\/td><\/tr><tr><td valign=\"top\">Energie: 1080 kJ \/ 258 kcal<\/td><\/tr><tr><td valign=\"top\">Fett: 0 g<\/td><\/tr><tr><td valign=\"top\">davon ges\u00e4ttigte Fetts\u00e4uren: &lt;0 g<\/td><\/tr><tr><td valign=\"top\">Kohlenhydrate: 64,5 g<\/td><\/tr><tr><td valign=\"top\">davon Zucker: 59,5 g<\/td><\/tr><tr><td valign=\"top\">Eiwei\u00df: 0,4 g<\/td><\/tr><tr><td valign=\"top\">Salz: 0 g<\/td><\/tr><\/tbody><\/table>\t\t\t\t\t\t\t\t<\/div>\n\t\t\t\t<\/div>\n\t\t\t\t\t<\/div>\n\t\t<\/div>\n\t\t\t\t\t<\/div>\n\t\t<\/section>\n\t\t\t\t\t<\/div>\n\t\t<\/div>\n\t\t\t\t\t<\/div>\n\t\t<\/section>\n\t\t\t\t<\/div>","protected":false},"excerpt":{"rendered":"<p>Product Sidr Honey: A Timeless Treasure of Nature Produced from the nectar of Sidr tree flowers, this honey is highly prized for its rich, buttery taste and numerous health benefits. Harvested from pristine, untouched regions, it boasts a smooth texture and a deep, aromatic flavor that lingers on the palate. Known for its natural purity, [&hellip;]<\/p>","protected":false},"author":1,"featured_media":0,"parent":0,"menu_order":0,"comment_status":"closed","ping_status":"closed","template":"elementor_header_footer","meta":{"footnotes":""},"class_list":["post-215","page","type-page","status-publish","hentry"],"_links":{"self":[{"href":"https:\/\/buram.de\/de\/wp-json\/wp\/v2\/pages\/215","targetHints":{"allow":["GET"]}}],"collection":[{"href":"https:\/\/buram.de\/de\/wp-json\/wp\/v2\/pages"}],"about":[{"href":"https:\/\/buram.de\/de\/wp-json\/wp\/v2\/types\/page"}],"author":[{"embeddable":true,"href":"https:\/\/buram.de\/de\/wp-json\/wp\/v2\/users\/1"}],"replies":[{"embeddable":true,"href":"https:\/\/buram.de\/de\/wp-json\/wp\/v2\/comments?post=215"}],"version-history":[{"count":0,"href":"https:\/\/buram.de\/de\/wp-json\/wp\/v2\/pages\/215\/revisions"}],"wp:attachment":[{"href":"https:\/\/buram.de\/de\/wp-json\/wp\/v2\/media?parent=215"}],"curies":[{"name":"wp","href":"https:\/\/api.w.org\/{rel}","templated":true}]}}