{"id":15009,"date":"2025-08-18T10:45:44","date_gmt":"2025-08-18T10:45:44","guid":{"rendered":"https:\/\/buram.de\/?page_id=15009"},"modified":"2025-08-18T11:08:13","modified_gmt":"2025-08-18T11:08:13","slug":"impressum","status":"publish","type":"page","link":"https:\/\/buram.de\/de\/impressum\/","title":{"rendered":"Impressum"},"content":{"rendered":"<div data-elementor-type=\"wp-page\" data-elementor-id=\"15009\" class=\"elementor elementor-15009\" data-elementor-post-type=\"page\">\n\t\t\t\t\t\t<section class=\"elementor-section elementor-top-section elementor-element elementor-element-f3cd415 elementor-section-boxed elementor-section-height-default elementor-section-height-default\" data-id=\"f3cd415\" data-element_type=\"section\" data-e-type=\"section\" data-settings=\"{&quot;background_background&quot;:&quot;classic&quot;}\">\n\t\t\t\t\t\t\t<div class=\"elementor-background-overlay\"><\/div>\n\t\t\t\t\t\t\t<div class=\"elementor-container elementor-column-gap-no\">\n\t\t\t\t\t<div class=\"elementor-column elementor-col-50 elementor-top-column elementor-element elementor-element-9d90f22\" data-id=\"9d90f22\" data-element_type=\"column\" data-e-type=\"column\">\n\t\t\t<div class=\"elementor-widget-wrap elementor-element-populated\">\n\t\t\t\t\t\t<section class=\"elementor-section elementor-inner-section elementor-element elementor-element-6368861 elementor-section-boxed elementor-section-height-default elementor-section-height-default\" data-id=\"6368861\" data-element_type=\"section\" data-e-type=\"section\" data-settings=\"{&quot;background_background&quot;:&quot;classic&quot;}\">\n\t\t\t\t\t\t<div class=\"elementor-container elementor-column-gap-no\">\n\t\t\t\t\t<div class=\"elementor-column elementor-col-100 elementor-inner-column elementor-element elementor-element-1fc921c\" data-id=\"1fc921c\" data-element_type=\"column\" data-e-type=\"column\">\n\t\t\t<div class=\"elementor-widget-wrap elementor-element-populated\">\n\t\t\t\t\t\t<div class=\"elementor-element elementor-element-3e31368 elementor-widget elementor-widget-heading\" data-id=\"3e31368\" data-element_type=\"widget\" data-e-type=\"widget\" data-widget_type=\"heading.default\">\n\t\t\t\t<div class=\"elementor-widget-container\">\n\t\t\t\t\t<h2 class=\"elementor-heading-title elementor-size-default\">Impressum<\/h2>\t\t\t\t<\/div>\n\t\t\t\t<\/div>\n\t\t\t\t<div class=\"elementor-element elementor-element-c7b549c elementor-widget__width-auto elementor-widget elementor-widget-text-editor\" data-id=\"c7b549c\" data-element_type=\"widget\" data-e-type=\"widget\" data-widget_type=\"text-editor.default\">\n\t\t\t\t<div class=\"elementor-widget-container\">\n\t\t\t\t\t\t\t\t\t<p>Startseite<\/p>\t\t\t\t\t\t\t\t<\/div>\n\t\t\t\t<\/div>\n\t\t\t\t<div class=\"elementor-element elementor-element-4baf656 elementor-widget__width-auto elementor-view-default elementor-widget elementor-widget-icon\" data-id=\"4baf656\" data-element_type=\"widget\" data-e-type=\"widget\" data-widget_type=\"icon.default\">\n\t\t\t\t<div class=\"elementor-widget-container\">\n\t\t\t\t\t\t\t<div class=\"elementor-icon-wrapper\">\n\t\t\t<div class=\"elementor-icon\">\n\t\t\t<svg aria-hidden=\"true\" class=\"e-font-icon-svg e-fas-chevron-right\" viewbox=\"0 0 320 512\" xmlns=\"http:\/\/www.w3.org\/2000\/svg\"><path d=\"M285.476 272.971L91.132 467.314c-9.373 9.373-24.569 9.373-33.941 0l-22.667-22.667c-9.357-9.357-9.375-24.522-.04-33.901L188.505 256 34.484 101.255c-9.335-9.379-9.317-24.544.04-33.901l22.667-22.667c9.373-9.373 24.569-9.373 33.941 0L285.475 239.03c9.373 9.372 9.373 24.568.001 33.941z\"><\/path><\/svg>\t\t\t<\/div>\n\t\t<\/div>\n\t\t\t\t\t\t<\/div>\n\t\t\t\t<\/div>\n\t\t\t\t<div class=\"elementor-element elementor-element-30a7c37 elementor-widget__width-auto elementor-widget elementor-widget-text-editor\" data-id=\"30a7c37\" data-element_type=\"widget\" data-e-type=\"widget\" data-widget_type=\"text-editor.default\">\n\t\t\t\t<div class=\"elementor-widget-container\">\n\t\t\t\t\t\t\t\t\tImpressum\t\t\t\t\t\t\t\t<\/div>\n\t\t\t\t<\/div>\n\t\t\t\t\t<\/div>\n\t\t<\/div>\n\t\t\t\t\t<\/div>\n\t\t<\/section>\n\t\t\t\t\t<\/div>\n\t\t<\/div>\n\t\t\t\t<div class=\"elementor-column elementor-col-50 elementor-top-column elementor-element elementor-element-a73b49b\" data-id=\"a73b49b\" data-element_type=\"column\" data-e-type=\"column\">\n\t\t\t<div class=\"elementor-widget-wrap\">\n\t\t\t\t\t\t\t<\/div>\n\t\t<\/div>\n\t\t\t\t\t<\/div>\n\t\t<\/section>\n\t\t<div class=\"elementor-element elementor-element-c0e0c46 e-flex e-con-boxed e-con e-parent\" data-id=\"c0e0c46\" data-element_type=\"container\" data-e-type=\"container\">\n\t\t\t\t\t<div class=\"e-con-inner\">\n\t\t\t\t<div class=\"elementor-element elementor-element-8d030aa elementor-widget elementor-widget-html\" data-id=\"8d030aa\" data-element_type=\"widget\" data-e-type=\"widget\" data-widget_type=\"html.default\">\n\t\t\t\t<div class=\"elementor-widget-container\">\n\t\t\t\t\t<h1>Impressum<\/h1>\r\n\r\n<p>Buram GmbH<br \/>\r\nFabrikstr. 9a<br \/>\r\n16761 Hennigsdorf<\/p>\r\n\r\n<p>Handelsregister: HRB 13289 NP<br \/>\r\nRegistergericht: Amtsgericht Neuruppin<\/p>\r\n\r\n<p><strong>Vertreten durch:<\/strong><br \/>\r\nDipl.-Betriebsw. \u00d6nder \u00c7ak\u0131rc\u0131 \u2013 Cengiz Manav<br \/>\r\n<br \/>\r\nKontrollstellen-Nummer f\u00fcr Bio-Erzeugnisse: DE-\u00d6KO-006<\/p>\r\n\r\n<h2>Kontakt<\/h2>\r\n<p>Telefon: +49 3302 20 33 80<br \/>\r\nTelefax: +49 3302 20 33 829<br \/>\r\nE-Mail: info@buram.de<\/p>\r\n\r\n<h2>Umsatzsteuer-ID<\/h2>\r\n<p>Umsatzsteuer-Identifikationsnummer gem\u00e4\u00df \u00a7 27 a Umsatzsteuergesetz:<br \/>\r\nDE814486712<\/p>\r\n\r\n<h2>EU-Streitschlichtung<\/h2>\r\n<p>Die Europ\u00e4ische Kommission stellt eine Plattform zur Online-Streitbeilegung (OS) bereit: <a href=\"https:\/\/ec.europa.eu\/consumers\/odr\/\" target=\"_blank\" rel=\"noopener noreferrer\">https:\/\/ec.europa.eu\/consumers\/odr\/<\/a>.<br \/> Unsere E-Mail-Adresse finden Sie oben im Impressum.<\/p>\r\n\r\n<h2>Verbraucher\u00adstreit\u00adbeilegung\/Universal\u00adschlichtungs\u00adstelle<\/h2>\r\n<p>Wir sind nicht bereit oder verpflichtet, an Streitbeilegungsverfahren vor einer Verbraucherschlichtungsstelle teilzunehmen.<\/p>\t\t\t\t<\/div>\n\t\t\t\t<\/div>\n\t\t\t\t\t<\/div>\n\t\t\t\t<\/div>\n\t\t\t\t<\/div>","protected":false},"excerpt":{"rendered":"<p>Home Impressum Buram GmbH Fabrikstr. 9a 16761 Hennigsdorf Handelsregister: HRB 13289 NP Registergericht: Amtsgericht Neuruppin Vertreten durch: Dipl.-Betriebsw. \u00d6nder \u00c7ak\u0131rc\u0131 \u2013 Cengiz Manav Kontrollstellen-Nummer f\u00fcr Bio-Erzeugnisse: DE-\u00d6KO-006 Kontakt Telefon: +49 3302 20 33 80 Telefax: +49 3302 20 33 829 E-Mail: info@buram.de Umsatzsteuer-ID Umsatzsteuer-Identifikationsnummer gem\u00e4\u00df \u00a7 27 a Umsatzsteuergesetz: DE814486712 EU-Streitschlichtung Die Europ\u00e4ische Kommission stellt [&hellip;]<\/p>","protected":false},"author":1,"featured_media":0,"parent":0,"menu_order":0,"comment_status":"closed","ping_status":"closed","template":"elementor_header_footer","meta":{"footnotes":""},"class_list":["post-15009","page","type-page","status-publish","hentry"],"_links":{"self":[{"href":"https:\/\/buram.de\/de\/wp-json\/wp\/v2\/pages\/15009","targetHints":{"allow":["GET"]}}],"collection":[{"href":"https:\/\/buram.de\/de\/wp-json\/wp\/v2\/pages"}],"about":[{"href":"https:\/\/buram.de\/de\/wp-json\/wp\/v2\/types\/page"}],"author":[{"embeddable":true,"href":"https:\/\/buram.de\/de\/wp-json\/wp\/v2\/users\/1"}],"replies":[{"embeddable":true,"href":"https:\/\/buram.de\/de\/wp-json\/wp\/v2\/comments?post=15009"}],"version-history":[{"count":0,"href":"https:\/\/buram.de\/de\/wp-json\/wp\/v2\/pages\/15009\/revisions"}],"wp:attachment":[{"href":"https:\/\/buram.de\/de\/wp-json\/wp\/v2\/media?parent=15009"}],"curies":[{"name":"wp","href":"https:\/\/api.w.org\/{rel}","templated":true}]}}