{"id":14,"date":"2025-06-08T14:09:02","date_gmt":"2025-06-08T14:09:02","guid":{"rendered":"https:\/\/buram.de\/?page_id=14"},"modified":"2025-09-23T11:45:14","modified_gmt":"2025-09-23T11:45:14","slug":"uber-uns","status":"publish","type":"page","link":"https:\/\/buram.de\/de\/uber-uns\/","title":{"rendered":"\u00dcber uns"},"content":{"rendered":"<div data-elementor-type=\"wp-page\" data-elementor-id=\"14\" class=\"elementor elementor-14\" data-elementor-post-type=\"page\">\n\t\t\t\t\t\t<section class=\"elementor-section elementor-top-section elementor-element elementor-element-58261a52 elementor-section-boxed elementor-section-height-default elementor-section-height-default\" data-id=\"58261a52\" data-element_type=\"section\" data-e-type=\"section\" data-settings=\"{&quot;background_background&quot;:&quot;classic&quot;}\">\n\t\t\t\t\t\t\t<div class=\"elementor-background-overlay\"><\/div>\n\t\t\t\t\t\t\t<div class=\"elementor-container elementor-column-gap-no\">\n\t\t\t\t\t<div class=\"elementor-column elementor-col-50 elementor-top-column elementor-element elementor-element-3b47232d\" data-id=\"3b47232d\" data-element_type=\"column\" data-e-type=\"column\">\n\t\t\t<div class=\"elementor-widget-wrap elementor-element-populated\">\n\t\t\t\t\t\t<section class=\"elementor-section elementor-inner-section elementor-element elementor-element-34b8216e elementor-section-boxed elementor-section-height-default elementor-section-height-default\" data-id=\"34b8216e\" data-element_type=\"section\" data-e-type=\"section\" data-settings=\"{&quot;background_background&quot;:&quot;classic&quot;}\">\n\t\t\t\t\t\t<div class=\"elementor-container elementor-column-gap-no\">\n\t\t\t\t\t<div class=\"elementor-column elementor-col-100 elementor-inner-column elementor-element elementor-element-7bf66753\" data-id=\"7bf66753\" data-element_type=\"column\" data-e-type=\"column\">\n\t\t\t<div class=\"elementor-widget-wrap elementor-element-populated\">\n\t\t\t\t\t\t<div class=\"elementor-element elementor-element-2d4e27d6 elementor-widget elementor-widget-heading\" data-id=\"2d4e27d6\" data-element_type=\"widget\" data-e-type=\"widget\" data-widget_type=\"heading.default\">\n\t\t\t\t<div class=\"elementor-widget-container\">\n\t\t\t\t\t<h2 class=\"elementor-heading-title elementor-size-default\">\u00dcber uns<\/h2>\t\t\t\t<\/div>\n\t\t\t\t<\/div>\n\t\t\t\t<div class=\"elementor-element elementor-element-6ebbaf2e elementor-widget__width-auto elementor-widget elementor-widget-text-editor\" data-id=\"6ebbaf2e\" data-element_type=\"widget\" data-e-type=\"widget\" data-widget_type=\"text-editor.default\">\n\t\t\t\t<div class=\"elementor-widget-container\">\n\t\t\t\t\t\t\t\t\t<p>Startseite<\/p>\t\t\t\t\t\t\t\t<\/div>\n\t\t\t\t<\/div>\n\t\t\t\t<div class=\"elementor-element elementor-element-7d18d546 elementor-widget__width-auto elementor-view-default elementor-widget elementor-widget-icon\" data-id=\"7d18d546\" data-element_type=\"widget\" data-e-type=\"widget\" data-widget_type=\"icon.default\">\n\t\t\t\t<div class=\"elementor-widget-container\">\n\t\t\t\t\t\t\t<div class=\"elementor-icon-wrapper\">\n\t\t\t<div class=\"elementor-icon\">\n\t\t\t<svg aria-hidden=\"true\" class=\"e-font-icon-svg e-fas-chevron-right\" viewbox=\"0 0 320 512\" xmlns=\"http:\/\/www.w3.org\/2000\/svg\"><path d=\"M285.476 272.971L91.132 467.314c-9.373 9.373-24.569 9.373-33.941 0l-22.667-22.667c-9.357-9.357-9.375-24.522-.04-33.901L188.505 256 34.484 101.255c-9.335-9.379-9.317-24.544.04-33.901l22.667-22.667c9.373-9.373 24.569-9.373 33.941 0L285.475 239.03c9.373 9.372 9.373 24.568.001 33.941z\"><\/path><\/svg>\t\t\t<\/div>\n\t\t<\/div>\n\t\t\t\t\t\t<\/div>\n\t\t\t\t<\/div>\n\t\t\t\t<div class=\"elementor-element elementor-element-745c4a88 elementor-widget__width-auto elementor-widget elementor-widget-text-editor\" data-id=\"745c4a88\" data-element_type=\"widget\" data-e-type=\"widget\" data-widget_type=\"text-editor.default\">\n\t\t\t\t<div class=\"elementor-widget-container\">\n\t\t\t\t\t\t\t\t\t\u00dcber uns\t\t\t\t\t\t\t\t<\/div>\n\t\t\t\t<\/div>\n\t\t\t\t\t<\/div>\n\t\t<\/div>\n\t\t\t\t\t<\/div>\n\t\t<\/section>\n\t\t\t\t\t<\/div>\n\t\t<\/div>\n\t\t\t\t<div class=\"elementor-column elementor-col-50 elementor-top-column elementor-element elementor-element-11be71ee\" data-id=\"11be71ee\" data-element_type=\"column\" data-e-type=\"column\">\n\t\t\t<div class=\"elementor-widget-wrap\">\n\t\t\t\t\t\t\t<\/div>\n\t\t<\/div>\n\t\t\t\t\t<\/div>\n\t\t<\/section>\n\t\t\t\t<section class=\"elementor-section elementor-top-section elementor-element elementor-element-3bc123b4 elementor-section-boxed elementor-section-height-default elementor-section-height-default\" data-id=\"3bc123b4\" data-element_type=\"section\" data-e-type=\"section\">\n\t\t\t\t\t\t<div class=\"elementor-container elementor-column-gap-no\">\n\t\t\t\t\t<div class=\"elementor-column elementor-col-100 elementor-top-column elementor-element elementor-element-29122e5e\" data-id=\"29122e5e\" data-element_type=\"column\" data-e-type=\"column\">\n\t\t\t<div class=\"elementor-widget-wrap elementor-element-populated\">\n\t\t\t\t\t\t<section class=\"elementor-section elementor-inner-section elementor-element elementor-element-219d54b7 elementor-section-boxed elementor-section-height-default elementor-section-height-default\" data-id=\"219d54b7\" data-element_type=\"section\" data-e-type=\"section\">\n\t\t\t\t\t\t<div class=\"elementor-container elementor-column-gap-no\">\n\t\t\t\t\t<div class=\"elementor-column elementor-col-100 elementor-inner-column elementor-element elementor-element-f4c2ff8\" data-id=\"f4c2ff8\" data-element_type=\"column\" data-e-type=\"column\">\n\t\t\t<div class=\"elementor-widget-wrap elementor-element-populated\">\n\t\t\t\t\t\t<div class=\"elementor-element elementor-element-e21401c elementor-widget elementor-widget-text-editor\" data-id=\"e21401c\" data-element_type=\"widget\" data-e-type=\"widget\" data-widget_type=\"text-editor.default\">\n\t\t\t\t<div class=\"elementor-widget-container\">\n\t\t\t\t\t\t\t\t\t<p>Seit 1954<\/p>\t\t\t\t\t\t\t\t<\/div>\n\t\t\t\t<\/div>\n\t\t\t\t<div class=\"elementor-element elementor-element-da4d0d2 elementor-widget elementor-widget-heading\" data-id=\"da4d0d2\" data-element_type=\"widget\" data-e-type=\"widget\" data-widget_type=\"heading.default\">\n\t\t\t\t<div class=\"elementor-widget-container\">\n\t\t\t\t\t<h2 class=\"elementor-heading-title elementor-size-default\">Buram: Unsere Werte machen den Unterschied<\/h2>\t\t\t\t<\/div>\n\t\t\t\t<\/div>\n\t\t\t\t<div class=\"elementor-element elementor-element-ba541c7 elementor-widget elementor-widget-text-editor\" data-id=\"ba541c7\" data-element_type=\"widget\" data-e-type=\"widget\" data-widget_type=\"text-editor.default\">\n\t\t\t\t<div class=\"elementor-widget-container\">\n\t\t\t\t\t\t\t\t\t<p>Seit der Er\u00f6ffnung unserer Produktionsst\u00e4tte in Berlin im Jahr 2005 liefert die Buram GmbH hochwertigen Honig unter der Marke Buram an Kunden in den USA, Kanada, Saudi-Arabien, China und ganz Europa. Die strategisch g\u00fcnstige Lage Deutschlands im Herzen Europas in Verbindung mit seinem Ruf, h\u00f6chste Qualit\u00e4tsstandards einzuhalten, hat ma\u00dfgeblich zu unserem Erfolg beigetragen.<\/p><p>\u00a0<\/p><p>Im Laufe der Jahre haben wir unser Sortiment kontinuierlich erweitert. Neben Kiefern- und Bl\u00fctenhonig bieten wir nun auch Bio-Bl\u00fctenhonig, Akazienhonig, Kastanienhonig, Lindenhonig, Thymianhonig, Wabenhonig, Bl\u00fctenpollen und Gel\u00e9e Royale an. Diese Produkte sind in Superm\u00e4rkten erh\u00e4ltlich.<br \/>\u00dcber unser Kerngesch\u00e4ft, den Verkauf von Honig in verschiedenen Verpackungsgr\u00f6\u00dfen, hinaus hat sich die Buram GmbH als Gro\u00dfh\u00e4ndler auf dem Honigmarkt erheblich weiterentwickelt. Wir beziehen unseren Honig von Imkern weltweit und beliefern gro\u00dfe Honigabf\u00fcller in ganz Europa. Was als kleines Familienunternehmen begann, hat sich zu einem gro\u00dfen internationalen Unternehmen entwickelt, das seiner Kernphilosophie treu geblieben ist: \u201eUnsere Produkte sind von h\u00f6chster Qualit\u00e4t.\u201c\n\n\u00dcbersetzt mit DeepL.com (kostenlose Version)<\/p><p>\u00a0<\/p><p><strong>Unsere Qualit\u00e4tspolitik<\/strong><br \/>Unser vorrangiges Ziel ist es, unseren Kunden Service und Qualit\u00e4t zu attraktiven Preisen zu bieten. Wir verpflichten uns zu kontinuierlicher Verbesserung und Innovation, um die Erwartungen unserer Kunden zu erf\u00fcllen und zu \u00fcbertreffen. Durch die Einhaltung strenger Qualit\u00e4tskontrollstandards und die Pflege enger Beziehungen zu unseren Lieferanten stellen wir sicher, dass unsere Produkte stets den h\u00f6chsten Qualit\u00e4tsstandards entsprechen. Dar\u00fcber hinaus sind wir stolz darauf, IFS-zertifiziert zu sein, was unser Engagement f\u00fcr Qualit\u00e4t und Sicherheit in allen unseren Prozessen unterstreicht.<\/p><p><br \/><strong>Unser Markt ist die Welt<\/strong><br \/>Von Berlin in die ganze Welt: Die Buram GmbH liefert international in \u00fcber 40 L\u00e4nder auf 5 Kontinenten. Unsere Kunden profitieren von unserem strategisch g\u00fcnstigen und logistisch optimalen Standort im Herzen Europas. Wir sind stolz auf unsere F\u00e4higkeit, den weltweiten Vertrieb effizient zu steuern und sicherzustellen, dass unsere hochwertigen Produkte unsere Kunden \u00fcberall erreichen. Unser Streben nach Exzellenz und Kundenzufriedenheit treibt uns an, unsere internationale Pr\u00e4senz kontinuierlich zu verbessern und auszubauen.<\/p><p><br \/><strong>Export<\/strong><br \/>Wir bieten umfassende Exportdienstleistungen, einschlie\u00dflich Ausfuhranmeldungen und Ursprungszeugnissen (hergestellt in Deutschland). Unser Engagement f\u00fcr Qualit\u00e4t stellt sicher, dass alle unsere Dienstleistungen den h\u00f6chsten Standards entsprechen. Dar\u00fcber hinaus bieten wir ma\u00dfgeschneiderte Unterst\u00fctzung bei der Navigation durch internationale Handelsvorschriften und gew\u00e4hrleisten so einen reibungslosen und effizienten Exportprozess f\u00fcr unsere Kunden. Unser erfahrenes Team ist bestrebt, einen au\u00dfergew\u00f6hnlichen Service zu bieten und sicherzustellen, dass unsere Produkte nahtlos die globalen M\u00e4rkte erreichen.<\/p>\t\t\t\t\t\t\t\t<\/div>\n\t\t\t\t<\/div>\n\t\t\t\t\t<\/div>\n\t\t<\/div>\n\t\t\t\t\t<\/div>\n\t\t<\/section>\n\t\t\t\t\t<\/div>\n\t\t<\/div>\n\t\t\t\t\t<\/div>\n\t\t<\/section>\n\t\t\t\t<section class=\"elementor-section elementor-top-section elementor-element elementor-element-03ffcd9 elementor-section-boxed elementor-section-height-default elementor-section-height-default\" data-id=\"03ffcd9\" data-element_type=\"section\" data-e-type=\"section\">\n\t\t\t\t\t\t<div class=\"elementor-container elementor-column-gap-no\">\n\t\t\t\t\t<div class=\"elementor-column elementor-col-50 elementor-top-column elementor-element elementor-element-ce10bec\" data-id=\"ce10bec\" data-element_type=\"column\" data-e-type=\"column\">\n\t\t\t<div class=\"elementor-widget-wrap elementor-element-populated\">\n\t\t\t\t\t\t<div class=\"elementor-element elementor-element-4064b11 elementor-widget elementor-widget-text-editor\" data-id=\"4064b11\" data-element_type=\"widget\" data-e-type=\"widget\" data-widget_type=\"text-editor.default\">\n\t\t\t\t<div class=\"elementor-widget-container\">\n\t\t\t\t\t\t\t\t\t<p>Buram<\/p>\t\t\t\t\t\t\t\t<\/div>\n\t\t\t\t<\/div>\n\t\t\t\t<div class=\"elementor-element elementor-element-6d133fc elementor-widget elementor-widget-heading\" data-id=\"6d133fc\" data-element_type=\"widget\" data-e-type=\"widget\" data-widget_type=\"heading.default\">\n\t\t\t\t<div class=\"elementor-widget-container\">\n\t\t\t\t\t<h2 class=\"elementor-heading-title elementor-size-default\">Honig<\/h2>\t\t\t\t<\/div>\n\t\t\t\t<\/div>\n\t\t\t\t<div class=\"elementor-element elementor-element-9baa736 elementor-widget elementor-widget-text-editor\" data-id=\"9baa736\" data-element_type=\"widget\" data-e-type=\"widget\" data-widget_type=\"text-editor.default\">\n\t\t\t\t<div class=\"elementor-widget-container\">\n\t\t\t\t\t\t\t\t\t<p>Honig ist ein nat\u00fcrliches S\u00fc\u00dfungsmittel, das von Bienen aus Bl\u00fctennektar oder Pflanzensekreten hergestellt wird. Honig ist von Natur aus s\u00fc\u00df und nahrhaft und wird seit Jahrhunderten vom Menschen verzehrt. Er ist auch f\u00fcr seine antibakteriellen und antioxidativen Eigenschaften bekannt. Honig aus verschiedenen Bl\u00fcten kann im Geschmack variieren und eine dunkel- bis hellgoldene Farbe haben. Honig wird oft zum Fr\u00fchst\u00fcck verwendet, ist aber auch bei der Zubereitung von Desserts sehr beliebt. Dieses nat\u00fcrliche Heilmittel ist nicht nur gesund, sondern auch k\u00f6stlich im Geschmack und aus unserer K\u00fcche nicht mehr wegzudenken.<\/p>\t\t\t\t\t\t\t\t<\/div>\n\t\t\t\t<\/div>\n\t\t\t\t\t<\/div>\n\t\t<\/div>\n\t\t\t\t<div class=\"elementor-column elementor-col-50 elementor-top-column elementor-element elementor-element-df9298b\" data-id=\"df9298b\" data-element_type=\"column\" data-e-type=\"column\">\n\t\t\t<div class=\"elementor-widget-wrap elementor-element-populated\">\n\t\t\t\t\t\t<div class=\"elementor-element elementor-element-a85aced elementor-widget elementor-widget-image\" data-id=\"a85aced\" data-element_type=\"widget\" data-e-type=\"widget\" data-widget_type=\"image.default\">\n\t\t\t\t<div class=\"elementor-widget-container\">\n\t\t\t\t\t\t\t\t\t\t\t\t\t\t\t<img fetchpriority=\"high\" decoding=\"async\" width=\"2000\" height=\"1334\" src=\"https:\/\/buram.de\/wp-content\/uploads\/2025\/06\/about.png\" class=\"attachment-full size-full wp-image-162\" alt=\"\" srcset=\"https:\/\/buram.de\/wp-content\/uploads\/2025\/06\/about.png 2000w, https:\/\/buram.de\/wp-content\/uploads\/2025\/06\/about-300x200.png 300w, https:\/\/buram.de\/wp-content\/uploads\/2025\/06\/about-1024x683.png 1024w, https:\/\/buram.de\/wp-content\/uploads\/2025\/06\/about-768x512.png 768w, https:\/\/buram.de\/wp-content\/uploads\/2025\/06\/about-1536x1025.png 1536w\" sizes=\"(max-width: 2000px) 100vw, 2000px\" \/>\t\t\t\t\t\t\t\t\t\t\t\t\t\t\t<\/div>\n\t\t\t\t<\/div>\n\t\t\t\t\t<\/div>\n\t\t<\/div>\n\t\t\t\t\t<\/div>\n\t\t<\/section>\n\t\t\t\t<\/div>","protected":false},"excerpt":{"rendered":"<p>About Us Home About Us Since 1954 Buram: Our values make the difference Since opening our production facility in Berlin in 2005, Buram GmbH has been delivering high-quality honey under the Buram brand to customers in the USA, Canada, Saudi Arabia, China, and across Europe. Germany&#8217;s strategic location in the heart of Europe, combined with [&hellip;]<\/p>","protected":false},"author":1,"featured_media":0,"parent":0,"menu_order":0,"comment_status":"closed","ping_status":"closed","template":"elementor_header_footer","meta":{"footnotes":""},"class_list":["post-14","page","type-page","status-publish","hentry"],"_links":{"self":[{"href":"https:\/\/buram.de\/de\/wp-json\/wp\/v2\/pages\/14","targetHints":{"allow":["GET"]}}],"collection":[{"href":"https:\/\/buram.de\/de\/wp-json\/wp\/v2\/pages"}],"about":[{"href":"https:\/\/buram.de\/de\/wp-json\/wp\/v2\/types\/page"}],"author":[{"embeddable":true,"href":"https:\/\/buram.de\/de\/wp-json\/wp\/v2\/users\/1"}],"replies":[{"embeddable":true,"href":"https:\/\/buram.de\/de\/wp-json\/wp\/v2\/comments?post=14"}],"version-history":[{"count":0,"href":"https:\/\/buram.de\/de\/wp-json\/wp\/v2\/pages\/14\/revisions"}],"wp:attachment":[{"href":"https:\/\/buram.de\/de\/wp-json\/wp\/v2\/media?parent=14"}],"curies":[{"name":"wp","href":"https:\/\/api.w.org\/{rel}","templated":true}]}}